{"id":30,"date":"2025-02-20T17:22:21","date_gmt":"2025-02-20T17:22:21","guid":{"rendered":"https:\/\/scubabcn.com\/reserva\/"},"modified":"2025-02-20T18:34:23","modified_gmt":"2025-02-20T18:34:23","slug":"reserva","status":"publish","type":"page","link":"https:\/\/scubabcn.com\/es\/reserva\/","title":{"rendered":"Reserva"},"content":{"rendered":"\n<div class=\"wp-block-group alignfull has-foreground-background-color has-background has-global-padding is-layout-constrained wp-block-group-is-layout-constrained\" style=\"margin-top:0;margin-bottom:0;padding-top:0;padding-bottom:0\">\n<div class=\"wp-block-group alignwide has-global-padding is-layout-constrained wp-block-group-is-layout-constrained\" style=\"padding-top:var(--wp--preset--spacing--30);padding-bottom:var(--wp--preset--spacing--30)\">\n<h1 class=\"wp-block-heading alignwide has-background-color has-text-color\" style=\"font-size:clamp(0.875rem, 0.875rem + ((1vw - 0.2rem) * 0.625), 1.25rem);\">Reserva<\/h1>\n<\/div>\n<\/div>\n\n<div class=\"wp-block-cover alignfull\" style=\"border-radius:4px;margin-top:0;margin-bottom:0;padding-top:var(--wp--preset--spacing--60);padding-right:var(--wp--preset--spacing--30);padding-bottom:var(--wp--preset--spacing--60);padding-left:var(--wp--preset--spacing--30);min-height:100%;aspect-ratio:unset;\"><span aria-hidden=\"true\" class=\"wp-block-cover__background has-background-dim\"><\/span><img loading=\"lazy\" decoding=\"async\" width=\"1280\" height=\"720\" class=\"wp-block-cover__image-background wp-image-68\" alt=\"\" src=\"https:\/\/scubabcn.com\/wp-content\/uploads\/2025\/02\/dad7e8c9442b3da7ee06673ed2fa6b3f81f78c0e.jpg\" data-object-fit=\"cover\" srcset=\"https:\/\/scubabcn.com\/wp-content\/uploads\/2025\/02\/dad7e8c9442b3da7ee06673ed2fa6b3f81f78c0e.jpg 1280w, https:\/\/scubabcn.com\/wp-content\/uploads\/2025\/02\/dad7e8c9442b3da7ee06673ed2fa6b3f81f78c0e-300x169.jpg 300w, https:\/\/scubabcn.com\/wp-content\/uploads\/2025\/02\/dad7e8c9442b3da7ee06673ed2fa6b3f81f78c0e-1024x576.jpg 1024w, https:\/\/scubabcn.com\/wp-content\/uploads\/2025\/02\/dad7e8c9442b3da7ee06673ed2fa6b3f81f78c0e-768x432.jpg 768w, https:\/\/scubabcn.com\/wp-content\/uploads\/2025\/02\/dad7e8c9442b3da7ee06673ed2fa6b3f81f78c0e-600x338.jpg 600w\" sizes=\"auto, (max-width: 1280px) 100vw, 1280px\" \/><div class=\"wp-block-cover__inner-container is-layout-flow wp-block-cover-is-layout-flow\">\n<div class=\"wp-block-group has-global-padding is-layout-constrained wp-block-group-is-layout-constrained\" id=\"book-now\">\n<h2 class=\"wp-block-heading has-text-align-center has-large-font-size\">Descubre la magia del buceo con scubabcn<\/h2>\n\n\n\n<p class=\"has-text-align-center\" style=\"margin-top:16px\">Encuentra aqu\u00ed toda la informaci\u00f3n para reservar de forma r\u00e1pida y sencilla. Elige tu pr\u00f3xima aventura bajo el agua con orientaci\u00f3n clara y opciones dise\u00f1adas para ti.<\/p>\n\n\n\n<div class=\"wp-block-buttons is-content-justification-center is-layout-flex wp-container-core-buttons-is-layout-1 wp-block-buttons-is-layout-flex\" style=\"margin-top:var(--wp--preset--spacing--40)\">\n<div class=\"wp-block-button\"><a class=\"wp-block-button__link has-text-color has-background has-link-color wp-element-button\" href=\"https:\/\/scubabcn.com\/contacto\" style=\"color:#111111;background-color:#fcfcfc\">Conoce m\u00e1s<\/a><\/div>\n<\/div>\n<\/div>\n<\/div><\/div>\n\n<div class=\"wp-block-group alignfull has-background-background-color has-background has-global-padding is-layout-constrained wp-container-core-group-is-layout-8 wp-block-group-is-layout-constrained\" id=\"services\" style=\"margin-top:0;margin-bottom:0;padding-top:var(--wp--preset--spacing--60);padding-right:var(--wp--preset--spacing--30);padding-bottom:var(--wp--preset--spacing--60);padding-left:var(--wp--preset--spacing--30)\">\n<div class=\"wp-block-group alignwide has-global-padding is-content-justification-center is-layout-constrained wp-block-group-is-layout-constrained\">\n<h2 class=\"wp-block-heading has-text-align-center\">Sum\u00e9rgete en el buceo con expertos certificados<\/h2>\n\n\n\n<p class=\"has-text-align-center has-medium-font-size\" style=\"margin-top:16px\">Explora nuestra amplia gama de servicios dise\u00f1ados para garantizar calidad y satisfacci\u00f3n.<\/p>\n<\/div>\n\n\n\n<div class=\"wp-block-columns alignwide is-layout-flex wp-container-core-columns-is-layout-1 wp-block-columns-is-layout-flex\">\n<div class=\"wp-block-column is-layout-flow wp-block-column-is-layout-flow\">\n<div class=\"wp-block-group has-tertiary-background-color has-background has-global-padding is-layout-constrained wp-container-core-group-is-layout-5 wp-block-group-is-layout-constrained\" style=\"border-radius:1.5rem;padding-top:2rem;padding-right:1.5rem;padding-bottom:2rem;padding-left:1.5rem\">\n<h3 class=\"wp-block-heading has-text-align-center\" style=\"font-size:clamp(18.959px, 1.185rem + ((1vw - 3.2px) * 1.15), 30px);line-height:1.5\">Cursos de Buceo<\/h3>\n\n\n\n<p class=\"has-text-align-center has-small-font-size\" style=\"margin-top:8px;margin-bottom:var(--wp--preset--spacing--30)\">Nuestros cursos est\u00e1n adaptados para principiantes y expertos por igual.<\/p>\n\n\n\n<figure class=\"wp-block-image has-custom-border ext-aspect-landscape\"><img loading=\"lazy\" decoding=\"async\" width=\"1440\" height=\"960\" class=\"wp-image-60\" src=\"https:\/\/scubabcn.com\/wp-content\/uploads\/2025\/02\/1a46f0d25feceaaadea03eafae31455b6dce58ce.jpg\" alt=\"\" style=\"border-radius:1.5rem;aspect-ratio:1;object-fit:cover\"\/><\/figure>\n<\/div>\n<\/div>\n\n\n\n<div class=\"wp-block-column is-layout-flow wp-block-column-is-layout-flow\">\n<div class=\"wp-block-group has-tertiary-background-color has-background has-global-padding is-layout-constrained wp-container-core-group-is-layout-6 wp-block-group-is-layout-constrained\" style=\"border-radius:1.5rem;padding-top:2rem;padding-right:1.5rem;padding-bottom:2rem;padding-left:1.5rem\">\n<h3 class=\"wp-block-heading has-text-align-center\" style=\"font-size:clamp(18.959px, 1.185rem + ((1vw - 3.2px) * 1.15), 30px);line-height:1.5\">Viajes de Buceo<\/h3>\n\n\n\n<p class=\"has-text-align-center has-small-font-size\" style=\"margin-top:8px;margin-bottom:var(--wp--preset--spacing--30)\">Organizamos viajes a destinos submarinos \u00fanicos con atenci\u00f3n a cada detalle.<\/p>\n\n\n\n<figure class=\"wp-block-image has-custom-border ext-aspect-landscape\"><img loading=\"lazy\" decoding=\"async\" width=\"1440\" height=\"810\" class=\"wp-image-69\" src=\"https:\/\/scubabcn.com\/wp-content\/uploads\/2025\/02\/e756cadbe05b2773175ec2052585e363287a9658.jpg\" alt=\"\" style=\"border-radius:1.5rem;aspect-ratio:1;object-fit:cover\" srcset=\"https:\/\/scubabcn.com\/wp-content\/uploads\/2025\/02\/e756cadbe05b2773175ec2052585e363287a9658.jpg 1440w, https:\/\/scubabcn.com\/wp-content\/uploads\/2025\/02\/e756cadbe05b2773175ec2052585e363287a9658-300x169.jpg 300w, https:\/\/scubabcn.com\/wp-content\/uploads\/2025\/02\/e756cadbe05b2773175ec2052585e363287a9658-1024x576.jpg 1024w, https:\/\/scubabcn.com\/wp-content\/uploads\/2025\/02\/e756cadbe05b2773175ec2052585e363287a9658-768x432.jpg 768w, https:\/\/scubabcn.com\/wp-content\/uploads\/2025\/02\/e756cadbe05b2773175ec2052585e363287a9658-600x338.jpg 600w\" sizes=\"auto, (max-width: 1440px) 100vw, 1440px\" \/><\/figure>\n<\/div>\n<\/div>\n\n\n\n<div class=\"wp-block-column is-layout-flow wp-block-column-is-layout-flow\">\n<div class=\"wp-block-group has-tertiary-background-color has-background has-global-padding is-layout-constrained wp-container-core-group-is-layout-7 wp-block-group-is-layout-constrained\" style=\"border-radius:1.5rem;padding-top:2rem;padding-right:1.5rem;padding-bottom:2rem;padding-left:1.5rem\">\n<h3 class=\"wp-block-heading has-text-align-center\" style=\"font-size:clamp(18.959px, 1.185rem + ((1vw - 3.2px) * 1.15), 30px);line-height:1.5\">Equipos de Buceo<\/h3>\n\n\n\n<p class=\"has-text-align-center has-small-font-size\" style=\"margin-top:8px;margin-bottom:var(--wp--preset--spacing--30)\">Ofrecemos equipos de alta calidad para garantizar seguridad y comodidad.<\/p>\n\n\n\n<figure class=\"wp-block-image has-custom-border ext-aspect-landscape\"><img loading=\"lazy\" decoding=\"async\" width=\"1280\" height=\"720\" class=\"wp-image-68\" src=\"https:\/\/scubabcn.com\/wp-content\/uploads\/2025\/02\/dad7e8c9442b3da7ee06673ed2fa6b3f81f78c0e.jpg\" alt=\"\" style=\"border-radius:1.5rem;aspect-ratio:1;object-fit:cover\" srcset=\"https:\/\/scubabcn.com\/wp-content\/uploads\/2025\/02\/dad7e8c9442b3da7ee06673ed2fa6b3f81f78c0e.jpg 1280w, https:\/\/scubabcn.com\/wp-content\/uploads\/2025\/02\/dad7e8c9442b3da7ee06673ed2fa6b3f81f78c0e-300x169.jpg 300w, https:\/\/scubabcn.com\/wp-content\/uploads\/2025\/02\/dad7e8c9442b3da7ee06673ed2fa6b3f81f78c0e-1024x576.jpg 1024w, https:\/\/scubabcn.com\/wp-content\/uploads\/2025\/02\/dad7e8c9442b3da7ee06673ed2fa6b3f81f78c0e-768x432.jpg 768w, https:\/\/scubabcn.com\/wp-content\/uploads\/2025\/02\/dad7e8c9442b3da7ee06673ed2fa6b3f81f78c0e-600x338.jpg 600w\" sizes=\"auto, (max-width: 1280px) 100vw, 1280px\" \/><\/figure>\n<\/div>\n<\/div>\n<\/div>\n<\/div>\n\n<div class=\"wp-block-group alignfull has-tertiary-background-color has-background has-global-padding is-layout-constrained wp-container-core-group-is-layout-14 wp-block-group-is-layout-constrained\" id=\"testimonials\" style=\"margin-top:0;margin-bottom:0;padding-top:var(--wp--preset--spacing--60);padding-right:var(--wp--preset--spacing--30);padding-bottom:var(--wp--preset--spacing--60);padding-left:var(--wp--preset--spacing--30)\">\n<div class=\"wp-block-group alignwide has-global-padding is-content-justification-center is-layout-constrained wp-block-group-is-layout-constrained\" style=\"margin-bottom:var(--wp--preset--spacing--50)\">\n<h2 class=\"wp-block-heading has-text-align-center\">Descubre la belleza escondida del mar<\/h2>\n\n\n\n<p class=\"has-text-align-center has-medium-font-size\" style=\"margin-top:16px\">Nuestros clientes comparten sus experiencias inolvidables y su satisfacci\u00f3n con nuestros servicios.<\/p>\n<\/div>\n\n\n\n<div class=\"wp-block-columns alignwide is-layout-flex wp-container-core-columns-is-layout-2 wp-block-columns-is-layout-flex\">\n<div class=\"wp-block-column is-vertically-aligned-stretch is-layout-flow wp-block-column-is-layout-flow\" style=\"flex-basis:66.66%\">\n<div class=\"wp-block-cover has-custom-content-position is-position-bottom-center\" style=\"border-radius:1.5rem;padding-top:var(--wp--preset--spacing--30);padding-right:var(--wp--preset--spacing--30);padding-bottom:var(--wp--preset--spacing--30);padding-left:var(--wp--preset--spacing--30);min-height:35vh;aspect-ratio:unset;\"><span aria-hidden=\"true\" class=\"wp-block-cover__background has-background-dim-60 has-background-dim\"><\/span><img loading=\"lazy\" decoding=\"async\" width=\"1440\" height=\"960\" class=\"wp-block-cover__image-background wp-image-65\" alt=\"\" src=\"https:\/\/scubabcn.com\/wp-content\/uploads\/2025\/02\/850189a81c281ee44895556597357ee58ac1e68b.jpg\" data-object-fit=\"cover\" srcset=\"https:\/\/scubabcn.com\/wp-content\/uploads\/2025\/02\/850189a81c281ee44895556597357ee58ac1e68b.jpg 1440w, https:\/\/scubabcn.com\/wp-content\/uploads\/2025\/02\/850189a81c281ee44895556597357ee58ac1e68b-300x200.jpg 300w, https:\/\/scubabcn.com\/wp-content\/uploads\/2025\/02\/850189a81c281ee44895556597357ee58ac1e68b-1024x683.jpg 1024w, https:\/\/scubabcn.com\/wp-content\/uploads\/2025\/02\/850189a81c281ee44895556597357ee58ac1e68b-768x512.jpg 768w, https:\/\/scubabcn.com\/wp-content\/uploads\/2025\/02\/850189a81c281ee44895556597357ee58ac1e68b-600x400.jpg 600w\" sizes=\"auto, (max-width: 1440px) 100vw, 1440px\" \/><div class=\"wp-block-cover__inner-container has-global-padding is-layout-constrained wp-container-core-cover-is-layout-2 wp-block-cover-is-layout-constrained\">\n<div class=\"wp-block-group has-global-padding is-layout-constrained wp-block-group-is-layout-constrained\">\n<p style=\"font-size:clamp(20px, 1.25rem + ((1vw - 3.2px) * 1.25), 32px);font-style:normal;font-weight:600;line-height:1.4\">El servicio fue excepcional y los resultados superaron todas mis expectativas.<\/p>\n\n\n\n<h4 class=\"wp-block-heading has-small-font-size\">Mar\u00eda G\u00f3mez<\/h4>\n\n\n\n<p class=\"has-small-font-size\" style=\"margin-top:2px\">Buceadora Recreativa<\/p>\n<\/div>\n<\/div><\/div>\n<\/div>\n\n\n\n<div class=\"wp-block-column is-vertically-aligned-stretch is-layout-flow wp-block-column-is-layout-flow\" style=\"flex-basis:33.33%\">\n<div class=\"wp-block-group has-background-color has-primary-background-color has-text-color has-background has-link-color wp-elements-c2952e6e3c570b00b4125700d75e015c has-global-padding is-layout-constrained wp-container-core-group-is-layout-11 wp-block-group-is-layout-constrained\" style=\"border-radius:1.5rem;min-height:100%;padding-top:var(--wp--preset--spacing--40);padding-right:var(--wp--preset--spacing--30);padding-bottom:var(--wp--preset--spacing--40);padding-left:var(--wp--preset--spacing--30)\">\n<p style=\"font-size:clamp(15.747px, 0.984rem + ((1vw - 3.2px) * 0.86), 24px);font-style:normal;font-weight:600;line-height:1.4\">Nunca antes hab\u00eda sentido tanta confianza al bucear, \u00a1un equipo incre\u00edble!<\/p>\n\n\n\n<h4 class=\"wp-block-heading has-background-color has-text-color has-link-color has-small-font-size wp-elements-39ba30228b0d09e85740700b81781ed4\">Carlos Torres<\/h4>\n\n\n\n<p class=\"has-small-font-size\" style=\"margin-top:2px\">Instructor de Buceo<\/p>\n<\/div>\n<\/div>\n<\/div>\n\n\n\n<div class=\"wp-block-columns alignwide is-layout-flex wp-container-core-columns-is-layout-3 wp-block-columns-is-layout-flex\">\n<div class=\"wp-block-column is-vertically-aligned-stretch is-layout-flow wp-block-column-is-layout-flow\" style=\"flex-basis:33.33%\">\n<div class=\"wp-block-group has-background-color has-foreground-background-color has-text-color has-background has-link-color wp-elements-39ab773eee66153586f78b184e8e7265 has-global-padding is-layout-constrained wp-container-core-group-is-layout-12 wp-block-group-is-layout-constrained\" style=\"border-radius:1.5rem;min-height:100%;padding-top:var(--wp--preset--spacing--40);padding-right:var(--wp--preset--spacing--30);padding-bottom:var(--wp--preset--spacing--40);padding-left:var(--wp--preset--spacing--30)\">\n<p style=\"font-size:clamp(15.747px, 0.984rem + ((1vw - 3.2px) * 0.86), 24px);font-style:normal;font-weight:600;line-height:1.4\">Un equipo profesional que garantiza experiencias \u00fanicas y seguras bajo el agua.<\/p>\n\n\n\n<h4 class=\"wp-block-heading has-background-color has-text-color has-link-color has-small-font-size wp-elements-2b5c4a22ca4a45a83ee71bec3f9e042c\">Luc\u00eda Mart\u00ednez<\/h4>\n\n\n\n<p class=\"has-small-font-size\" style=\"margin-top:2px\">Experta en Fotograf\u00eda Submarina<\/p>\n<\/div>\n<\/div>\n\n\n\n<div class=\"wp-block-column is-layout-flow wp-block-column-is-layout-flow\" style=\"flex-basis:66.66%\">\n<div class=\"wp-block-cover has-custom-content-position is-position-bottom-center\" style=\"border-radius:1.5rem;padding-top:var(--wp--preset--spacing--30);padding-right:var(--wp--preset--spacing--30);padding-bottom:var(--wp--preset--spacing--30);padding-left:var(--wp--preset--spacing--30);min-height:35vh;aspect-ratio:unset;\"><span aria-hidden=\"true\" class=\"wp-block-cover__background has-background-dim-60 has-background-dim\"><\/span><img loading=\"lazy\" decoding=\"async\" width=\"1440\" height=\"900\" class=\"wp-block-cover__image-background wp-image-66\" alt=\"\" src=\"https:\/\/scubabcn.com\/wp-content\/uploads\/2025\/02\/3e63ff4f3770893e9e0dc0aacd7633d8de260136.jpg\" data-object-fit=\"cover\" srcset=\"https:\/\/scubabcn.com\/wp-content\/uploads\/2025\/02\/3e63ff4f3770893e9e0dc0aacd7633d8de260136.jpg 1440w, https:\/\/scubabcn.com\/wp-content\/uploads\/2025\/02\/3e63ff4f3770893e9e0dc0aacd7633d8de260136-300x188.jpg 300w, https:\/\/scubabcn.com\/wp-content\/uploads\/2025\/02\/3e63ff4f3770893e9e0dc0aacd7633d8de260136-1024x640.jpg 1024w, https:\/\/scubabcn.com\/wp-content\/uploads\/2025\/02\/3e63ff4f3770893e9e0dc0aacd7633d8de260136-768x480.jpg 768w, https:\/\/scubabcn.com\/wp-content\/uploads\/2025\/02\/3e63ff4f3770893e9e0dc0aacd7633d8de260136-600x375.jpg 600w\" sizes=\"auto, (max-width: 1440px) 100vw, 1440px\" \/><div class=\"wp-block-cover__inner-container has-global-padding is-layout-constrained wp-container-core-cover-is-layout-3 wp-block-cover-is-layout-constrained\">\n<div class=\"wp-block-group has-global-padding is-layout-constrained wp-block-group-is-layout-constrained\">\n<p style=\"font-size:clamp(20px, 1.25rem + ((1vw - 3.2px) * 1.25), 32px);font-style:normal;font-weight:600;line-height:1.4\">La atenci\u00f3n personalizada y la experiencia fueron simplemente insuperables.<\/p>\n\n\n\n<h4 class=\"wp-block-heading has-small-font-size\">Javier L\u00f3pez<\/h4>\n\n\n\n<p class=\"has-small-font-size\" style=\"margin-top:2px\">Especialista en Equipos de Buceo<\/p>\n<\/div>\n<\/div><\/div>\n<\/div>\n<\/div>\n<\/div>\n","protected":false},"excerpt":{"rendered":"<p>Reserva Sum\u00e9rgete en el buceo con expertos certificados Explora nuestra amplia gama de servicios dise\u00f1ados para garantizar calidad y satisfacci\u00f3n. Cursos de Buceo Nuestros cursos est\u00e1n adaptados para principiantes y expertos por igual. Viajes de Buceo Organizamos viajes a destinos submarinos \u00fanicos con atenci\u00f3n a cada detalle. Equipos de Buceo Ofrecemos equipos de alta calidad [&hellip;]<\/p>\n","protected":false},"author":1,"featured_media":0,"parent":0,"menu_order":0,"comment_status":"closed","ping_status":"closed","template":"no-title","meta":{"footnotes":""},"class_list":["post-30","page","type-page","status-publish","hentry"],"aioseo_notices":[],"_links":{"self":[{"href":"https:\/\/scubabcn.com\/es\/wp-json\/wp\/v2\/pages\/30","targetHints":{"allow":["GET"]}}],"collection":[{"href":"https:\/\/scubabcn.com\/es\/wp-json\/wp\/v2\/pages"}],"about":[{"href":"https:\/\/scubabcn.com\/es\/wp-json\/wp\/v2\/types\/page"}],"author":[{"embeddable":true,"href":"https:\/\/scubabcn.com\/es\/wp-json\/wp\/v2\/users\/1"}],"replies":[{"embeddable":true,"href":"https:\/\/scubabcn.com\/es\/wp-json\/wp\/v2\/comments?post=30"}],"version-history":[{"count":2,"href":"https:\/\/scubabcn.com\/es\/wp-json\/wp\/v2\/pages\/30\/revisions"}],"predecessor-version":[{"id":70,"href":"https:\/\/scubabcn.com\/es\/wp-json\/wp\/v2\/pages\/30\/revisions\/70"}],"wp:attachment":[{"href":"https:\/\/scubabcn.com\/es\/wp-json\/wp\/v2\/media?parent=30"}],"curies":[{"name":"wp","href":"https:\/\/api.w.org\/{rel}","templated":true}]}}