{"id":32,"date":"2025-02-20T17:22:21","date_gmt":"2025-02-20T17:22:21","guid":{"rendered":"https:\/\/scubabcn.com\/galeria\/"},"modified":"2025-02-24T12:48:47","modified_gmt":"2025-02-24T12:48:47","slug":"galeria","status":"publish","type":"page","link":"https:\/\/scubabcn.com\/es\/galeria\/","title":{"rendered":"Galer\u00eda"},"content":{"rendered":"\n<div class=\"wp-block-group alignfull has-foreground-background-color has-background has-global-padding is-layout-constrained wp-block-group-is-layout-constrained\" style=\"margin-top:0;margin-bottom:0;padding-top:0;padding-bottom:0\">\n<div class=\"wp-block-group alignwide has-global-padding is-layout-constrained wp-block-group-is-layout-constrained\" style=\"padding-top:var(--wp--preset--spacing--30);padding-bottom:var(--wp--preset--spacing--30)\">\n<h1 class=\"wp-block-heading alignwide has-background-color has-text-color\" style=\"font-size:clamp(0.875rem, 0.875rem + ((1vw - 0.2rem) * 0.625), 1.25rem);\">Galer\u00eda<\/h1>\n<\/div>\n<\/div>\n\n\n\n<div class=\"wp-block-group alignfull has-tertiary-background-color has-background has-global-padding is-layout-constrained wp-block-group-is-layout-constrained\" id=\"gallery\" style=\"margin-top:0;margin-bottom:0;padding-top:var(--wp--preset--spacing--60);padding-bottom:var(--wp--preset--spacing--60)\">\n<figure class=\"wp-block-gallery alignwide has-nested-images columns-default is-cropped wp-block-gallery-1 is-layout-flex wp-block-gallery-is-layout-flex\">\n<figure data-wp-context=\"{&quot;imageId&quot;:&quot;69e25d00085e2&quot;}\" data-wp-interactive=\"core\/image\" class=\"wp-block-image size-large has-custom-border wp-lightbox-container\"><img loading=\"lazy\" decoding=\"async\" width=\"1440\" height=\"960\" data-wp-class--hide=\"state.isContentHidden\" data-wp-class--show=\"state.isContentVisible\" data-wp-init=\"callbacks.setButtonStyles\" data-wp-on-async--click=\"actions.showLightbox\" data-wp-on-async--load=\"callbacks.setButtonStyles\" data-wp-on-async-window--resize=\"callbacks.setButtonStyles\" src=\"https:\/\/scubabcn.com\/wp-content\/uploads\/2025\/02\/d4957bae87ef2356a5b9f606b032dfe777c9af16.jpg\" alt=\"\" class=\"wp-image-73\" style=\"border-radius:1.5rem\" srcset=\"https:\/\/scubabcn.com\/wp-content\/uploads\/2025\/02\/d4957bae87ef2356a5b9f606b032dfe777c9af16.jpg 1440w, https:\/\/scubabcn.com\/wp-content\/uploads\/2025\/02\/d4957bae87ef2356a5b9f606b032dfe777c9af16-300x200.jpg 300w, https:\/\/scubabcn.com\/wp-content\/uploads\/2025\/02\/d4957bae87ef2356a5b9f606b032dfe777c9af16-1024x683.jpg 1024w, https:\/\/scubabcn.com\/wp-content\/uploads\/2025\/02\/d4957bae87ef2356a5b9f606b032dfe777c9af16-768x512.jpg 768w, https:\/\/scubabcn.com\/wp-content\/uploads\/2025\/02\/d4957bae87ef2356a5b9f606b032dfe777c9af16-600x400.jpg 600w\" sizes=\"auto, (max-width: 1440px) 100vw, 1440px\" \/><button\n\t\t\tclass=\"lightbox-trigger\"\n\t\t\ttype=\"button\"\n\t\t\taria-haspopup=\"dialog\"\n\t\t\taria-label=\"Ampliar la imagen\"\n\t\t\tdata-wp-init=\"callbacks.initTriggerButton\"\n\t\t\tdata-wp-on-async--click=\"actions.showLightbox\"\n\t\t\tdata-wp-style--right=\"state.imageButtonRight\"\n\t\t\tdata-wp-style--top=\"state.imageButtonTop\"\n\t\t>\n\t\t\t<svg xmlns=\"http:\/\/www.w3.org\/2000\/svg\" width=\"12\" height=\"12\" fill=\"none\" viewBox=\"0 0 12 12\">\n\t\t\t\t<path fill=\"#fff\" d=\"M2 0a2 2 0 0 0-2 2v2h1.5V2a.5.5 0 0 1 .5-.5h2V0H2Zm2 10.5H2a.5.5 0 0 1-.5-.5V8H0v2a2 2 0 0 0 2 2h2v-1.5ZM8 12v-1.5h2a.5.5 0 0 0 .5-.5V8H12v2a2 2 0 0 1-2 2H8Zm2-12a2 2 0 0 1 2 2v2h-1.5V2a.5.5 0 0 0-.5-.5H8V0h2Z\" \/>\n\t\t\t<\/svg>\n\t\t<\/button><\/figure>\n\n\n\n<figure data-wp-context=\"{&quot;imageId&quot;:&quot;69e25d0008ff5&quot;}\" data-wp-interactive=\"core\/image\" class=\"wp-block-image size-large has-custom-border wp-lightbox-container\"><img loading=\"lazy\" decoding=\"async\" width=\"1440\" height=\"1080\" data-wp-class--hide=\"state.isContentHidden\" data-wp-class--show=\"state.isContentVisible\" data-wp-init=\"callbacks.setButtonStyles\" data-wp-on-async--click=\"actions.showLightbox\" data-wp-on-async--load=\"callbacks.setButtonStyles\" data-wp-on-async-window--resize=\"callbacks.setButtonStyles\" src=\"https:\/\/scubabcn.com\/wp-content\/uploads\/2025\/02\/9b536992f278b89fe42b9e4e7d7b71ffe618ca5a.jpg\" alt=\"\" class=\"wp-image-74\" style=\"border-radius:1.5rem\" srcset=\"https:\/\/scubabcn.com\/wp-content\/uploads\/2025\/02\/9b536992f278b89fe42b9e4e7d7b71ffe618ca5a.jpg 1440w, https:\/\/scubabcn.com\/wp-content\/uploads\/2025\/02\/9b536992f278b89fe42b9e4e7d7b71ffe618ca5a-300x225.jpg 300w, https:\/\/scubabcn.com\/wp-content\/uploads\/2025\/02\/9b536992f278b89fe42b9e4e7d7b71ffe618ca5a-1024x768.jpg 1024w, https:\/\/scubabcn.com\/wp-content\/uploads\/2025\/02\/9b536992f278b89fe42b9e4e7d7b71ffe618ca5a-768x576.jpg 768w, https:\/\/scubabcn.com\/wp-content\/uploads\/2025\/02\/9b536992f278b89fe42b9e4e7d7b71ffe618ca5a-600x450.jpg 600w\" sizes=\"auto, (max-width: 1440px) 100vw, 1440px\" \/><button\n\t\t\tclass=\"lightbox-trigger\"\n\t\t\ttype=\"button\"\n\t\t\taria-haspopup=\"dialog\"\n\t\t\taria-label=\"Ampliar la imagen\"\n\t\t\tdata-wp-init=\"callbacks.initTriggerButton\"\n\t\t\tdata-wp-on-async--click=\"actions.showLightbox\"\n\t\t\tdata-wp-style--right=\"state.imageButtonRight\"\n\t\t\tdata-wp-style--top=\"state.imageButtonTop\"\n\t\t>\n\t\t\t<svg xmlns=\"http:\/\/www.w3.org\/2000\/svg\" width=\"12\" height=\"12\" fill=\"none\" viewBox=\"0 0 12 12\">\n\t\t\t\t<path fill=\"#fff\" d=\"M2 0a2 2 0 0 0-2 2v2h1.5V2a.5.5 0 0 1 .5-.5h2V0H2Zm2 10.5H2a.5.5 0 0 1-.5-.5V8H0v2a2 2 0 0 0 2 2h2v-1.5ZM8 12v-1.5h2a.5.5 0 0 0 .5-.5V8H12v2a2 2 0 0 1-2 2H8Zm2-12a2 2 0 0 1 2 2v2h-1.5V2a.5.5 0 0 0-.5-.5H8V0h2Z\" \/>\n\t\t\t<\/svg>\n\t\t<\/button><\/figure>\n\n\n\n<figure data-wp-context=\"{&quot;imageId&quot;:&quot;69e25d000996e&quot;}\" data-wp-interactive=\"core\/image\" class=\"wp-block-image size-full has-custom-border wp-lightbox-container\"><img loading=\"lazy\" decoding=\"async\" width=\"1080\" height=\"1080\" data-wp-class--hide=\"state.isContentHidden\" data-wp-class--show=\"state.isContentVisible\" data-wp-init=\"callbacks.setButtonStyles\" data-wp-on-async--click=\"actions.showLightbox\" data-wp-on-async--load=\"callbacks.setButtonStyles\" data-wp-on-async-window--resize=\"callbacks.setButtonStyles\" src=\"https:\/\/scubabcn.com\/wp-content\/uploads\/2025\/02\/alain-pecio.jpg\" alt=\"\" class=\"wp-image-173\" style=\"border-radius:1.5rem\"\/><button\n\t\t\tclass=\"lightbox-trigger\"\n\t\t\ttype=\"button\"\n\t\t\taria-haspopup=\"dialog\"\n\t\t\taria-label=\"Ampliar la imagen\"\n\t\t\tdata-wp-init=\"callbacks.initTriggerButton\"\n\t\t\tdata-wp-on-async--click=\"actions.showLightbox\"\n\t\t\tdata-wp-style--right=\"state.imageButtonRight\"\n\t\t\tdata-wp-style--top=\"state.imageButtonTop\"\n\t\t>\n\t\t\t<svg xmlns=\"http:\/\/www.w3.org\/2000\/svg\" width=\"12\" height=\"12\" fill=\"none\" viewBox=\"0 0 12 12\">\n\t\t\t\t<path fill=\"#fff\" d=\"M2 0a2 2 0 0 0-2 2v2h1.5V2a.5.5 0 0 1 .5-.5h2V0H2Zm2 10.5H2a.5.5 0 0 1-.5-.5V8H0v2a2 2 0 0 0 2 2h2v-1.5ZM8 12v-1.5h2a.5.5 0 0 0 .5-.5V8H12v2a2 2 0 0 1-2 2H8Zm2-12a2 2 0 0 1 2 2v2h-1.5V2a.5.5 0 0 0-.5-.5H8V0h2Z\" \/>\n\t\t\t<\/svg>\n\t\t<\/button><\/figure>\n\n\n\n<figure data-wp-context=\"{&quot;imageId&quot;:&quot;69e25d000a2e9&quot;}\" data-wp-interactive=\"core\/image\" class=\"wp-block-image size-large has-custom-border wp-lightbox-container\"><img loading=\"lazy\" decoding=\"async\" width=\"1440\" height=\"960\" data-wp-class--hide=\"state.isContentHidden\" data-wp-class--show=\"state.isContentVisible\" data-wp-init=\"callbacks.setButtonStyles\" data-wp-on-async--click=\"actions.showLightbox\" data-wp-on-async--load=\"callbacks.setButtonStyles\" data-wp-on-async-window--resize=\"callbacks.setButtonStyles\" src=\"https:\/\/scubabcn.com\/wp-content\/uploads\/2025\/02\/850189a81c281ee44895556597357ee58ac1e68b.jpg\" alt=\"\" class=\"wp-image-65\" style=\"border-radius:1.5rem\" srcset=\"https:\/\/scubabcn.com\/wp-content\/uploads\/2025\/02\/850189a81c281ee44895556597357ee58ac1e68b.jpg 1440w, https:\/\/scubabcn.com\/wp-content\/uploads\/2025\/02\/850189a81c281ee44895556597357ee58ac1e68b-300x200.jpg 300w, https:\/\/scubabcn.com\/wp-content\/uploads\/2025\/02\/850189a81c281ee44895556597357ee58ac1e68b-1024x683.jpg 1024w, https:\/\/scubabcn.com\/wp-content\/uploads\/2025\/02\/850189a81c281ee44895556597357ee58ac1e68b-768x512.jpg 768w, https:\/\/scubabcn.com\/wp-content\/uploads\/2025\/02\/850189a81c281ee44895556597357ee58ac1e68b-600x400.jpg 600w\" sizes=\"auto, (max-width: 1440px) 100vw, 1440px\" \/><button\n\t\t\tclass=\"lightbox-trigger\"\n\t\t\ttype=\"button\"\n\t\t\taria-haspopup=\"dialog\"\n\t\t\taria-label=\"Ampliar la imagen\"\n\t\t\tdata-wp-init=\"callbacks.initTriggerButton\"\n\t\t\tdata-wp-on-async--click=\"actions.showLightbox\"\n\t\t\tdata-wp-style--right=\"state.imageButtonRight\"\n\t\t\tdata-wp-style--top=\"state.imageButtonTop\"\n\t\t>\n\t\t\t<svg xmlns=\"http:\/\/www.w3.org\/2000\/svg\" width=\"12\" height=\"12\" fill=\"none\" viewBox=\"0 0 12 12\">\n\t\t\t\t<path fill=\"#fff\" d=\"M2 0a2 2 0 0 0-2 2v2h1.5V2a.5.5 0 0 1 .5-.5h2V0H2Zm2 10.5H2a.5.5 0 0 1-.5-.5V8H0v2a2 2 0 0 0 2 2h2v-1.5ZM8 12v-1.5h2a.5.5 0 0 0 .5-.5V8H12v2a2 2 0 0 1-2 2H8Zm2-12a2 2 0 0 1 2 2v2h-1.5V2a.5.5 0 0 0-.5-.5H8V0h2Z\" \/>\n\t\t\t<\/svg>\n\t\t<\/button><\/figure>\n\n\n\n<figure data-wp-context=\"{&quot;imageId&quot;:&quot;69e25d000ac5a&quot;}\" data-wp-interactive=\"core\/image\" class=\"wp-block-image size-large has-custom-border wp-lightbox-container\"><img loading=\"lazy\" decoding=\"async\" width=\"1080\" height=\"1440\" data-wp-class--hide=\"state.isContentHidden\" data-wp-class--show=\"state.isContentVisible\" data-wp-init=\"callbacks.setButtonStyles\" data-wp-on-async--click=\"actions.showLightbox\" data-wp-on-async--load=\"callbacks.setButtonStyles\" data-wp-on-async-window--resize=\"callbacks.setButtonStyles\" src=\"https:\/\/scubabcn.com\/wp-content\/uploads\/2025\/02\/df175372e7292d131d67fec698ab53c49103d3a8.jpg\" alt=\"\" class=\"wp-image-76\" style=\"border-radius:1.5rem\" srcset=\"https:\/\/scubabcn.com\/wp-content\/uploads\/2025\/02\/df175372e7292d131d67fec698ab53c49103d3a8.jpg 1080w, https:\/\/scubabcn.com\/wp-content\/uploads\/2025\/02\/df175372e7292d131d67fec698ab53c49103d3a8-225x300.jpg 225w, https:\/\/scubabcn.com\/wp-content\/uploads\/2025\/02\/df175372e7292d131d67fec698ab53c49103d3a8-768x1024.jpg 768w, https:\/\/scubabcn.com\/wp-content\/uploads\/2025\/02\/df175372e7292d131d67fec698ab53c49103d3a8-600x800.jpg 600w\" sizes=\"auto, (max-width: 1080px) 100vw, 1080px\" \/><button\n\t\t\tclass=\"lightbox-trigger\"\n\t\t\ttype=\"button\"\n\t\t\taria-haspopup=\"dialog\"\n\t\t\taria-label=\"Ampliar la imagen\"\n\t\t\tdata-wp-init=\"callbacks.initTriggerButton\"\n\t\t\tdata-wp-on-async--click=\"actions.showLightbox\"\n\t\t\tdata-wp-style--right=\"state.imageButtonRight\"\n\t\t\tdata-wp-style--top=\"state.imageButtonTop\"\n\t\t>\n\t\t\t<svg xmlns=\"http:\/\/www.w3.org\/2000\/svg\" width=\"12\" height=\"12\" fill=\"none\" viewBox=\"0 0 12 12\">\n\t\t\t\t<path fill=\"#fff\" d=\"M2 0a2 2 0 0 0-2 2v2h1.5V2a.5.5 0 0 1 .5-.5h2V0H2Zm2 10.5H2a.5.5 0 0 1-.5-.5V8H0v2a2 2 0 0 0 2 2h2v-1.5ZM8 12v-1.5h2a.5.5 0 0 0 .5-.5V8H12v2a2 2 0 0 1-2 2H8Zm2-12a2 2 0 0 1 2 2v2h-1.5V2a.5.5 0 0 0-.5-.5H8V0h2Z\" \/>\n\t\t\t<\/svg>\n\t\t<\/button><\/figure>\n\n\n\n<figure data-wp-context=\"{&quot;imageId&quot;:&quot;69e25d000ae78&quot;}\" data-wp-interactive=\"core\/image\" class=\"wp-block-image size-large has-custom-border wp-lightbox-container\"><img loading=\"lazy\" decoding=\"async\" width=\"1024\" height=\"768\" data-wp-class--hide=\"state.isContentHidden\" data-wp-class--show=\"state.isContentVisible\" data-wp-init=\"callbacks.setButtonStyles\" data-wp-on-async--click=\"actions.showLightbox\" data-wp-on-async--load=\"callbacks.setButtonStyles\" data-wp-on-async-window--resize=\"callbacks.setButtonStyles\" src=\"https:\/\/scubabcn.com\/wp-content\/uploads\/2025\/02\/9b536992f278b89fe42b9e4e7d7b71ffe618ca5a-1024x768.jpg\" alt=\"\" class=\"wp-image-74\" style=\"border-radius:1.5rem\" srcset=\"https:\/\/scubabcn.com\/wp-content\/uploads\/2025\/02\/9b536992f278b89fe42b9e4e7d7b71ffe618ca5a-1024x768.jpg 1024w, https:\/\/scubabcn.com\/wp-content\/uploads\/2025\/02\/9b536992f278b89fe42b9e4e7d7b71ffe618ca5a-300x225.jpg 300w, https:\/\/scubabcn.com\/wp-content\/uploads\/2025\/02\/9b536992f278b89fe42b9e4e7d7b71ffe618ca5a-768x576.jpg 768w, https:\/\/scubabcn.com\/wp-content\/uploads\/2025\/02\/9b536992f278b89fe42b9e4e7d7b71ffe618ca5a-600x450.jpg 600w, https:\/\/scubabcn.com\/wp-content\/uploads\/2025\/02\/9b536992f278b89fe42b9e4e7d7b71ffe618ca5a.jpg 1440w\" sizes=\"auto, (max-width: 1024px) 100vw, 1024px\" \/><button\n\t\t\tclass=\"lightbox-trigger\"\n\t\t\ttype=\"button\"\n\t\t\taria-haspopup=\"dialog\"\n\t\t\taria-label=\"Ampliar la imagen\"\n\t\t\tdata-wp-init=\"callbacks.initTriggerButton\"\n\t\t\tdata-wp-on-async--click=\"actions.showLightbox\"\n\t\t\tdata-wp-style--right=\"state.imageButtonRight\"\n\t\t\tdata-wp-style--top=\"state.imageButtonTop\"\n\t\t>\n\t\t\t<svg xmlns=\"http:\/\/www.w3.org\/2000\/svg\" width=\"12\" height=\"12\" fill=\"none\" viewBox=\"0 0 12 12\">\n\t\t\t\t<path fill=\"#fff\" d=\"M2 0a2 2 0 0 0-2 2v2h1.5V2a.5.5 0 0 1 .5-.5h2V0H2Zm2 10.5H2a.5.5 0 0 1-.5-.5V8H0v2a2 2 0 0 0 2 2h2v-1.5ZM8 12v-1.5h2a.5.5 0 0 0 .5-.5V8H12v2a2 2 0 0 1-2 2H8Zm2-12a2 2 0 0 1 2 2v2h-1.5V2a.5.5 0 0 0-.5-.5H8V0h2Z\" \/>\n\t\t\t<\/svg>\n\t\t<\/button><\/figure>\n<\/figure>\n<\/div>\n\n\n\n<div class=\"wp-block-group alignfull has-background-background-color has-background has-global-padding is-layout-constrained wp-container-core-group-is-layout-9 wp-block-group-is-layout-constrained\" id=\"testimonials\" style=\"margin-top:0;margin-bottom:0;padding-top:var(--wp--preset--spacing--60);padding-right:var(--wp--preset--spacing--30);padding-bottom:var(--wp--preset--spacing--60);padding-left:var(--wp--preset--spacing--30)\">\n<div class=\"wp-block-group alignwide has-global-padding is-content-justification-center is-layout-constrained wp-block-group-is-layout-constrained\" style=\"margin-bottom:var(--wp--preset--spacing--50)\">\n<h2 class=\"wp-block-heading has-text-align-center\">Descubre la maravilla del mundo submarino<\/h2>\n\n\n\n<p class=\"has-text-align-center has-medium-font-size\" style=\"margin-top:16px\">Nuestros clientes comparten sus historias llenas de satisfacci\u00f3n y aventuras inolvidables.<\/p>\n<\/div>\n\n\n\n<div class=\"wp-block-columns alignwide is-layout-flex wp-container-core-columns-is-layout-1 wp-block-columns-is-layout-flex\">\n<div class=\"wp-block-column is-vertically-aligned-stretch is-layout-flow wp-block-column-is-layout-flow\" style=\"flex-basis:66.66%\">\n<div class=\"wp-block-cover has-custom-content-position is-position-bottom-center\" style=\"border-radius:1.5rem;padding-top:var(--wp--preset--spacing--30);padding-right:var(--wp--preset--spacing--30);padding-bottom:var(--wp--preset--spacing--30);padding-left:var(--wp--preset--spacing--30);min-height:35vh;aspect-ratio:unset;\"><span aria-hidden=\"true\" class=\"wp-block-cover__background has-background-dim-60 has-background-dim\"><\/span><img loading=\"lazy\" decoding=\"async\" width=\"1440\" height=\"960\" class=\"wp-block-cover__image-background wp-image-65\" alt=\"\" src=\"https:\/\/scubabcn.com\/wp-content\/uploads\/2025\/02\/850189a81c281ee44895556597357ee58ac1e68b.jpg\" data-object-fit=\"cover\" srcset=\"https:\/\/scubabcn.com\/wp-content\/uploads\/2025\/02\/850189a81c281ee44895556597357ee58ac1e68b.jpg 1440w, https:\/\/scubabcn.com\/wp-content\/uploads\/2025\/02\/850189a81c281ee44895556597357ee58ac1e68b-300x200.jpg 300w, https:\/\/scubabcn.com\/wp-content\/uploads\/2025\/02\/850189a81c281ee44895556597357ee58ac1e68b-1024x683.jpg 1024w, https:\/\/scubabcn.com\/wp-content\/uploads\/2025\/02\/850189a81c281ee44895556597357ee58ac1e68b-768x512.jpg 768w, https:\/\/scubabcn.com\/wp-content\/uploads\/2025\/02\/850189a81c281ee44895556597357ee58ac1e68b-600x400.jpg 600w\" sizes=\"auto, (max-width: 1440px) 100vw, 1440px\" \/><div class=\"wp-block-cover__inner-container has-global-padding is-layout-constrained wp-container-core-cover-is-layout-1 wp-block-cover-is-layout-constrained\">\n<div class=\"wp-block-group has-global-padding is-layout-constrained wp-block-group-is-layout-constrained\">\n<p style=\"font-size:clamp(20px, 1.25rem + ((1vw - 3.2px) * 1.25), 32px);font-style:normal;font-weight:600;line-height:1.4\">Gracias a scubabcn, viv\u00ed una experiencia bajo el agua que super\u00f3 todas mis expectativas.<\/p>\n\n\n\n<h4 class=\"wp-block-heading has-small-font-size\">Carlos Mart\u00ednez<\/h4>\n\n\n\n<p class=\"has-small-font-size\" style=\"margin-top:2px\">Fot\u00f3grafo submarino<\/p>\n<\/div>\n<\/div><\/div>\n<\/div>\n\n\n\n<div class=\"wp-block-column is-vertically-aligned-stretch is-layout-flow wp-block-column-is-layout-flow\" style=\"flex-basis:33.33%\">\n<div class=\"wp-block-group has-background-color has-primary-background-color has-text-color has-background has-link-color wp-elements-3e0b954003d10d152dd2f70723e4c00e has-global-padding is-layout-constrained wp-container-core-group-is-layout-6 wp-block-group-is-layout-constrained\" style=\"border-radius:1.5rem;min-height:100%;padding-top:var(--wp--preset--spacing--40);padding-right:var(--wp--preset--spacing--30);padding-bottom:var(--wp--preset--spacing--40);padding-left:var(--wp--preset--spacing--30)\">\n<p style=\"font-size:clamp(15.747px, 0.984rem + ((1vw - 3.2px) * 0.86), 24px);font-style:normal;font-weight:600;line-height:1.4\">El equipo de scubabcn hizo que mi primera inmersi\u00f3n fuera segura, divertida y memorable.<\/p>\n\n\n\n<h4 class=\"wp-block-heading has-background-color has-text-color has-link-color has-small-font-size wp-elements-3f0dcf926091bf0a1b64bacd1c23c865\">Ana L\u00f3pez<\/h4>\n\n\n\n<p class=\"has-small-font-size\" style=\"margin-top:2px\">Bi\u00f3loga marina<\/p>\n<\/div>\n<\/div>\n<\/div>\n\n\n\n<div class=\"wp-block-columns alignwide is-layout-flex wp-container-core-columns-is-layout-2 wp-block-columns-is-layout-flex\">\n<div class=\"wp-block-column is-vertically-aligned-stretch is-layout-flow wp-block-column-is-layout-flow\" style=\"flex-basis:33.33%\">\n<div class=\"wp-block-group has-background-color has-foreground-background-color has-text-color has-background has-link-color wp-elements-11d2d998eec9f884b39f4440026295ef has-global-padding is-layout-constrained wp-container-core-group-is-layout-7 wp-block-group-is-layout-constrained\" style=\"border-radius:1.5rem;min-height:100%;padding-top:var(--wp--preset--spacing--40);padding-right:var(--wp--preset--spacing--30);padding-bottom:var(--wp--preset--spacing--40);padding-left:var(--wp--preset--spacing--30)\">\n<p style=\"font-size:clamp(15.747px, 0.984rem + ((1vw - 3.2px) * 0.86), 24px);font-style:normal;font-weight:600;line-height:1.4\">La atenci\u00f3n al detalle y la pasi\u00f3n del equipo de scubabcn son simplemente inigualables.<\/p>\n\n\n\n<h4 class=\"wp-block-heading has-background-color has-text-color has-link-color has-small-font-size wp-elements-08a42ca2cda4719a9a66f842c9159241\">Javier G\u00f3mez<\/h4>\n\n\n\n<p class=\"has-small-font-size\" style=\"margin-top:2px\">Buceador<\/p>\n<\/div>\n<\/div>\n\n\n\n<div class=\"wp-block-column is-layout-flow wp-block-column-is-layout-flow\" style=\"flex-basis:66.66%\">\n<div class=\"wp-block-cover has-custom-content-position is-position-bottom-center\" style=\"border-radius:1.5rem;padding-top:var(--wp--preset--spacing--30);padding-right:var(--wp--preset--spacing--30);padding-bottom:var(--wp--preset--spacing--30);padding-left:var(--wp--preset--spacing--30);min-height:35vh;aspect-ratio:unset;\"><span aria-hidden=\"true\" class=\"wp-block-cover__background has-background-dim-60 has-background-dim\"><\/span><img loading=\"lazy\" decoding=\"async\" width=\"1440\" height=\"900\" class=\"wp-block-cover__image-background wp-image-66\" alt=\"\" src=\"https:\/\/scubabcn.com\/wp-content\/uploads\/2025\/02\/3e63ff4f3770893e9e0dc0aacd7633d8de260136.jpg\" data-object-fit=\"cover\" srcset=\"https:\/\/scubabcn.com\/wp-content\/uploads\/2025\/02\/3e63ff4f3770893e9e0dc0aacd7633d8de260136.jpg 1440w, https:\/\/scubabcn.com\/wp-content\/uploads\/2025\/02\/3e63ff4f3770893e9e0dc0aacd7633d8de260136-300x188.jpg 300w, https:\/\/scubabcn.com\/wp-content\/uploads\/2025\/02\/3e63ff4f3770893e9e0dc0aacd7633d8de260136-1024x640.jpg 1024w, https:\/\/scubabcn.com\/wp-content\/uploads\/2025\/02\/3e63ff4f3770893e9e0dc0aacd7633d8de260136-768x480.jpg 768w, https:\/\/scubabcn.com\/wp-content\/uploads\/2025\/02\/3e63ff4f3770893e9e0dc0aacd7633d8de260136-600x375.jpg 600w\" sizes=\"auto, (max-width: 1440px) 100vw, 1440px\" \/><div class=\"wp-block-cover__inner-container has-global-padding is-layout-constrained wp-container-core-cover-is-layout-2 wp-block-cover-is-layout-constrained\">\n<div class=\"wp-block-group has-global-padding is-layout-constrained wp-block-group-is-layout-constrained\">\n<p style=\"font-size:clamp(20px, 1.25rem + ((1vw - 3.2px) * 1.25), 32px);font-style:normal;font-weight:600;line-height:1.4\">El servicio personalizado hizo que mi experiencia fuera realmente \u00fanica e inolvidable.<\/p>\n\n\n\n<h4 class=\"wp-block-heading has-small-font-size\">Laura Fern\u00e1ndez<\/h4>\n\n\n\n<p class=\"has-small-font-size\" style=\"margin-top:2px\">Alumna Open water diver<\/p>\n<\/div>\n<\/div><\/div>\n<\/div>\n<\/div>\n<\/div>\n\n\n\n<div class=\"wp-block-group alignfull has-tertiary-background-color has-background has-global-padding is-layout-constrained wp-container-core-group-is-layout-18 wp-block-group-is-layout-constrained\" id=\"features\" style=\"margin-top:0;margin-bottom:0;padding-top:var(--wp--preset--spacing--50);padding-right:var(--wp--preset--spacing--30);padding-bottom:var(--wp--preset--spacing--60);padding-left:var(--wp--preset--spacing--30)\">\n<div class=\"wp-block-group alignwide has-background-background-color has-background has-global-padding is-layout-constrained wp-container-core-group-is-layout-17 wp-block-group-is-layout-constrained\" style=\"border-radius:1.5rem;padding-top:var(--wp--preset--spacing--40);padding-right:var(--wp--preset--spacing--40);padding-bottom:var(--wp--preset--spacing--40);padding-left:var(--wp--preset--spacing--40)\">\n<div class=\"wp-block-group alignwide is-vertical is-layout-flex wp-container-core-group-is-layout-11 wp-block-group-is-layout-flex\">\n<div class=\"wp-block-group has-global-padding is-layout-constrained wp-block-group-is-layout-constrained\">\n<h2 class=\"wp-block-heading\" style=\"margin-top:12px\">Explora para\u00edsos submarinos inigualables<\/h2>\n\n\n\n<p class=\"has-medium-font-size\" style=\"margin-top:16px\">Descubre lo que hace nuestras aventuras \u00fanicas<\/p>\n<\/div>\n<\/div>\n\n\n\n<div class=\"wp-block-columns alignwide is-layout-flex wp-container-core-columns-is-layout-3 wp-block-columns-is-layout-flex\">\n<div class=\"wp-block-column is-layout-flow wp-block-column-is-layout-flow\">\n<div class=\"wp-block-group has-global-padding is-layout-constrained wp-block-group-is-layout-constrained\">\n<h3 class=\"wp-block-heading\" style=\"font-size:clamp(14px, 0.875rem + ((1vw - 3.2px) * 0.625), 20px);line-height:1.5\">Cursos de Buceo<\/h3>\n\n\n\n<p class=\"has-small-font-size\" style=\"margin-top:8px\">Aprende a bucear con expertos certificados.<\/p>\n<\/div>\n\n\n\n<div class=\"wp-block-group has-global-padding is-layout-constrained wp-block-group-is-layout-constrained\">\n<h3 class=\"wp-block-heading\" style=\"font-size:clamp(14px, 0.875rem + ((1vw - 3.2px) * 0.625), 20px);line-height:1.5\">Viajes Organizados<\/h3>\n\n\n\n<p class=\"has-small-font-size\" style=\"margin-top:8px\">Sum\u00e9rgete en los mejores destinos del mundo.<\/p>\n<\/div>\n<\/div>\n\n\n\n<div class=\"wp-block-column is-layout-flow wp-block-column-is-layout-flow\">\n<div class=\"wp-block-group has-global-padding is-layout-constrained wp-block-group-is-layout-constrained\">\n<h3 class=\"wp-block-heading\" style=\"font-size:clamp(14px, 0.875rem + ((1vw - 3.2px) * 0.625), 20px);line-height:1.5\">Atenci\u00f3n Personalizada<\/h3>\n\n\n\n<p>Nuestro staff te atender\u00e1 como si te conociera desde siempre  <\/p>\n<\/div>\n\n\n\n<div class=\"wp-block-group has-global-padding is-layout-constrained wp-block-group-is-layout-constrained\">\n<h3 class=\"wp-block-heading\" style=\"font-size:clamp(14px, 0.875rem + ((1vw - 3.2px) * 0.625), 20px);line-height:1.5\">Venta de Equipos<\/h3>\n\n\n\n<p class=\"has-small-font-size\" style=\"margin-top:8px\">Adquiere equipos de buceo de alta calidad.<\/p>\n<\/div>\n<\/div>\n\n\n\n<div class=\"wp-block-column is-layout-flow wp-block-column-is-layout-flow\">\n<div class=\"wp-block-group has-global-padding is-layout-constrained wp-block-group-is-layout-constrained\">\n<h3 class=\"wp-block-heading\" style=\"font-size:clamp(14px, 0.875rem + ((1vw - 3.2px) * 0.625), 20px);line-height:1.5\">Fotograf\u00eda Submarina<\/h3>\n\n\n\n<p class=\"has-small-font-size\" style=\"margin-top:8px\">Captura momentos \u00fanicos bajo el agua.<\/p>\n<\/div>\n<\/div>\n<\/div>\n<\/div>\n<\/div>\n","protected":false},"excerpt":{"rendered":"<p>Galer\u00eda Descubre la maravilla del mundo submarino Nuestros clientes comparten sus historias llenas de satisfacci\u00f3n y aventuras inolvidables. El equipo de scubabcn hizo que mi primera inmersi\u00f3n fuera segura, divertida y memorable. Ana L\u00f3pez Bi\u00f3loga marina La atenci\u00f3n al detalle y la pasi\u00f3n del equipo de scubabcn son simplemente inigualables. Javier G\u00f3mez Buceador Explora para\u00edsos [&hellip;]<\/p>\n","protected":false},"author":1,"featured_media":0,"parent":0,"menu_order":0,"comment_status":"closed","ping_status":"closed","template":"no-title","meta":{"footnotes":""},"class_list":["post-32","page","type-page","status-publish","hentry"],"aioseo_notices":[],"_links":{"self":[{"href":"https:\/\/scubabcn.com\/es\/wp-json\/wp\/v2\/pages\/32","targetHints":{"allow":["GET"]}}],"collection":[{"href":"https:\/\/scubabcn.com\/es\/wp-json\/wp\/v2\/pages"}],"about":[{"href":"https:\/\/scubabcn.com\/es\/wp-json\/wp\/v2\/types\/page"}],"author":[{"embeddable":true,"href":"https:\/\/scubabcn.com\/es\/wp-json\/wp\/v2\/users\/1"}],"replies":[{"embeddable":true,"href":"https:\/\/scubabcn.com\/es\/wp-json\/wp\/v2\/comments?post=32"}],"version-history":[{"count":4,"href":"https:\/\/scubabcn.com\/es\/wp-json\/wp\/v2\/pages\/32\/revisions"}],"predecessor-version":[{"id":181,"href":"https:\/\/scubabcn.com\/es\/wp-json\/wp\/v2\/pages\/32\/revisions\/181"}],"wp:attachment":[{"href":"https:\/\/scubabcn.com\/es\/wp-json\/wp\/v2\/media?parent=32"}],"curies":[{"name":"wp","href":"https:\/\/api.w.org\/{rel}","templated":true}]}}