{"id":149,"date":"2025-02-21T20:45:03","date_gmt":"2025-02-21T20:45:03","guid":{"rendered":"https:\/\/scubabcn.com\/?post_type=product&#038;p=149"},"modified":"2025-04-02T10:18:49","modified_gmt":"2025-04-02T10:18:49","slug":"curso-open-water","status":"publish","type":"product","link":"https:\/\/scubabcn.com\/es\/producto\/curso-open-water\/","title":{"rendered":"Curso open water"},"content":{"rendered":"<p><img loading=\"lazy\" decoding=\"async\" class=\"alignnone size-medium wp-image-78\" src=\"https:\/\/scubabcn.com\/wp-content\/uploads\/2025\/02\/70345dde7cfc189a5b6ebafddf95e33e6d30e199-300x200.jpg\" alt=\"\" width=\"300\" height=\"200\" srcset=\"https:\/\/scubabcn.com\/wp-content\/uploads\/2025\/02\/70345dde7cfc189a5b6ebafddf95e33e6d30e199-300x200.jpg 300w, https:\/\/scubabcn.com\/wp-content\/uploads\/2025\/02\/70345dde7cfc189a5b6ebafddf95e33e6d30e199-1024x683.jpg 1024w, https:\/\/scubabcn.com\/wp-content\/uploads\/2025\/02\/70345dde7cfc189a5b6ebafddf95e33e6d30e199-768x512.jpg 768w, https:\/\/scubabcn.com\/wp-content\/uploads\/2025\/02\/70345dde7cfc189a5b6ebafddf95e33e6d30e199-600x400.jpg 600w, https:\/\/scubabcn.com\/wp-content\/uploads\/2025\/02\/70345dde7cfc189a5b6ebafddf95e33e6d30e199.jpg 1440w\" sizes=\"auto, (max-width: 300px) 100vw, 300px\" \/><\/p>\n<p><b>\u00a1Sum\u00e9rgete en la aventura con ScubaBCN!<\/b><\/p>\n<p><b>Curso Open Water de 3 d\u00edas: \u00a1Tu aventura submarina completa!<\/b><\/p>\n<p><span style=\"font-weight: 400;\">\u00bfListo para explorar el fascinante mundo submarino? En ScubaBCN, te ofrecemos un curso Open Water de 3 d\u00edas con todo incluido, para que solo te preocupes de disfrutar.<\/span><\/p>\n<p><b>Nuestra oferta exclusiva incluye:<\/b><\/p>\n<ul>\n<li style=\"font-weight: 400;\" aria-level=\"1\"><b>Curso Open Water de 3 d\u00edas:<\/b><span style=\"font-weight: 400;\"> Aprende todas las habilidades necesarias para bucear con seguridad y confianza.<\/span><\/li>\n<li style=\"font-weight: 400;\" aria-level=\"1\"><b>Equipo de buceo completo:<\/b><span style=\"font-weight: 400;\"> Todo el equipo necesario para tus inmersiones.<\/span><\/li>\n<li style=\"font-weight: 400;\" aria-level=\"1\"><b>Precio total: 400\u20ac<\/b><\/li>\n<\/ul>\n<p><b>\u00bfPor qu\u00e9 elegir ScubaBCN?<\/b><\/p>\n<ul>\n<li style=\"font-weight: 400;\" aria-level=\"1\"><span style=\"font-weight: 400;\">Instructores experimentados y apasionados.<\/span><\/li>\n<li style=\"font-weight: 400;\" aria-level=\"1\"><span style=\"font-weight: 400;\">Equipo de alta calidad y mantenimiento.<\/span><\/li>\n<li style=\"font-weight: 400;\" aria-level=\"1\"><span style=\"font-weight: 400;\">Inmersiones en los mejores puntos de buceo de la zona.<\/span><\/li>\n<li style=\"font-weight: 400;\" aria-level=\"1\"><span style=\"font-weight: 400;\">Atenci\u00f3n personalizada y grupos reducidos.<\/span><\/li>\n<li style=\"font-weight: 400;\" aria-level=\"1\"><span style=\"font-weight: 400;\">Todo incluido en un solo precio.<\/span><\/li>\n<\/ul>\n<p><b>\u00a1No esperes m\u00e1s para comenzar tu aventura!<\/b><\/p>\n<ul>\n<li style=\"font-weight: 400;\" aria-level=\"1\"><span style=\"font-weight: 400;\">Plazas limitadas.<\/span><\/li>\n<li style=\"font-weight: 400;\" aria-level=\"1\"><span style=\"font-weight: 400;\">Reserva tu curso ahora y sum\u00e9rgete en una experiencia inolvidable.<\/span><\/li>\n<\/ul>\n<p><b>\u00a1Cont\u00e1ctanos!<\/b><\/p>\n","protected":false},"excerpt":{"rendered":"<p data-sourcepos=\"5:1-5:152\"><img loading=\"lazy\" decoding=\"async\" class=\"alignnone size-medium wp-image-84\" src=\"https:\/\/scubabcn.com\/wp-content\/uploads\/2025\/02\/a8f14e3d94b5aca2afc157a640ee9771acacfa95-300x267.jpg\" alt=\"\" width=\"300\" height=\"267\" srcset=\"https:\/\/scubabcn.com\/wp-content\/uploads\/2025\/02\/a8f14e3d94b5aca2afc157a640ee9771acacfa95-300x267.jpg 300w, https:\/\/scubabcn.com\/wp-content\/uploads\/2025\/02\/a8f14e3d94b5aca2afc157a640ee9771acacfa95-1024x910.jpg 1024w, https:\/\/scubabcn.com\/wp-content\/uploads\/2025\/02\/a8f14e3d94b5aca2afc157a640ee9771acacfa95-768x683.jpg 768w, https:\/\/scubabcn.com\/wp-content\/uploads\/2025\/02\/a8f14e3d94b5aca2afc157a640ee9771acacfa95-600x533.jpg 600w, https:\/\/scubabcn.com\/wp-content\/uploads\/2025\/02\/a8f14e3d94b5aca2afc157a640ee9771acacfa95.jpg 1440w\" sizes=\"auto, (max-width: 300px) 100vw, 300px\" \/>Este curso te proporcionar\u00e1 los conocimientos y habilidades necesarios para bucear de forma segura y aut\u00f3noma hasta una profundidad m\u00e1xima de 18 metros.<\/p>\n<p>&nbsp;<\/p>\n","protected":false},"featured_media":84,"comment_status":"open","ping_status":"closed","template":"","meta":[],"product_brand":[],"product_cat":[19,18],"product_tag":[],"class_list":{"0":"post-149","1":"product","2":"type-product","3":"status-publish","4":"has-post-thumbnail","6":"product_cat-cursos-de-buceo","7":"product_cat-sin-categorizar","9":"first","10":"instock","11":"taxable","12":"shipping-taxable","13":"purchasable","14":"product-type-simple"},"aioseo_notices":[],"_links":{"self":[{"href":"https:\/\/scubabcn.com\/es\/wp-json\/wp\/v2\/product\/149","targetHints":{"allow":["GET"]}}],"collection":[{"href":"https:\/\/scubabcn.com\/es\/wp-json\/wp\/v2\/product"}],"about":[{"href":"https:\/\/scubabcn.com\/es\/wp-json\/wp\/v2\/types\/product"}],"replies":[{"embeddable":true,"href":"https:\/\/scubabcn.com\/es\/wp-json\/wp\/v2\/comments?post=149"}],"wp:featuredmedia":[{"embeddable":true,"href":"https:\/\/scubabcn.com\/es\/wp-json\/wp\/v2\/media\/84"}],"wp:attachment":[{"href":"https:\/\/scubabcn.com\/es\/wp-json\/wp\/v2\/media?parent=149"}],"wp:term":[{"taxonomy":"product_brand","embeddable":true,"href":"https:\/\/scubabcn.com\/es\/wp-json\/wp\/v2\/product_brand?post=149"},{"taxonomy":"product_cat","embeddable":true,"href":"https:\/\/scubabcn.com\/es\/wp-json\/wp\/v2\/product_cat?post=149"},{"taxonomy":"product_tag","embeddable":true,"href":"https:\/\/scubabcn.com\/es\/wp-json\/wp\/v2\/product_tag?post=149"}],"curies":[{"name":"wp","href":"https:\/\/api.w.org\/{rel}","templated":true}]}}