{"id":37,"date":"2025-02-20T17:22:55","date_gmt":"2025-02-20T17:22:55","guid":{"rendered":"https:\/\/scubabcn.com\/producto\/curso-de-buceo-basico\/"},"modified":"2025-03-03T13:05:25","modified_gmt":"2025-03-03T13:05:25","slug":"curso-de-buceo-basico","status":"publish","type":"product","link":"https:\/\/scubabcn.com\/es\/producto\/curso-de-buceo-basico\/","title":{"rendered":"DSD Discover Scuba Diving"},"content":{"rendered":"<p data-sourcepos=\"1:1-1:216\">Un DSD (Discover Scuba Diving)\u00a0 Aqu\u00ed te describo los aspectos clave de esta experiencia:<\/p>\n<p data-sourcepos=\"3:1-3:14\"><strong>Prop\u00f3sito:<\/strong><\/p>\n<ul data-sourcepos=\"5:1-7:0\">\n<li data-sourcepos=\"5:1-5:149\">El DSD est\u00e1 dise\u00f1ado para darte una probada del buceo, permiti\u00e9ndote decidir si deseas continuar con la certificaci\u00f3n completa de Open Water Diver.<\/li>\n<li data-sourcepos=\"6:1-7:0\">Es una experiencia \u00fanica para quienes quieren sentir la sensaci\u00f3n de respirar bajo el agua y explorar el mundo submarino sin comprometerse con un curso completo.<\/li>\n<\/ul>\n<p data-sourcepos=\"8:1-8:24\"><strong>Contenido y Proceso:<\/strong><\/p>\n<ul data-sourcepos=\"10:1-18:0\">\n<li data-sourcepos=\"10:1-11:115\"><strong>Breve introducci\u00f3n te\u00f3rica:<\/strong>\n<ul data-sourcepos=\"11:5-11:115\">\n<li data-sourcepos=\"11:5-11:115\">Aprender\u00e1s los conceptos b\u00e1sicos del buceo, incluyendo el equipo, la seguridad y las t\u00e9cnicas de respiraci\u00f3n.<\/li>\n<\/ul>\n<\/li>\n<li data-sourcepos=\"12:1-14:111\"><strong>Habilidades b\u00e1sicas en aguas confinadas:<\/strong>\n<ul data-sourcepos=\"13:5-14:111\">\n<li data-sourcepos=\"13:5-13:120\">Practicar\u00e1s habilidades esenciales en un entorno controlado, como una piscina o aguas poco profundas y protegidas.<\/li>\n<li data-sourcepos=\"14:5-14:111\">Esto incluye aprender a respirar con el regulador, limpiar la m\u00e1scara y controlar la flotabilidad b\u00e1sica.<\/li>\n<\/ul>\n<\/li>\n<li data-sourcepos=\"15:1-18:0\"><strong>Inmersi\u00f3n en aguas abiertas (opcional):<\/strong>\n<ul data-sourcepos=\"16:5-18:0\">\n<li data-sourcepos=\"16:5-16:175\">Dependiendo de la ubicaci\u00f3n y las condiciones, podr\u00edas realizar una inmersi\u00f3n en aguas abiertas a poca profundidad, siempre bajo la supervisi\u00f3n directa de tu instructor.<\/li>\n<li data-sourcepos=\"17:5-18:0\">Esta inmersi\u00f3n te permitir\u00e1 explorar un poco del entorno marino y disfrutar de la vida submarina.<\/li>\n<\/ul>\n<\/li>\n<\/ul>\n<p data-sourcepos=\"19:1-19:25\"><strong>Aspectos Importantes:<\/strong><\/p>\n<ul data-sourcepos=\"21:1-29:0\">\n<li data-sourcepos=\"21:1-23:92\"><strong>No es una certificaci\u00f3n:<\/strong>\n<ul data-sourcepos=\"22:5-23:92\">\n<li data-sourcepos=\"22:5-22:57\">El DSD no te certifica como buceador independiente.<\/li>\n<li data-sourcepos=\"23:5-23:92\">Para bucear sin supervisi\u00f3n, necesitas obtener la certificaci\u00f3n PADI Open Water Diver.<\/li>\n<\/ul>\n<\/li>\n<li data-sourcepos=\"24:1-26:102\"><strong>Supervisi\u00f3n constante:<\/strong>\n<ul data-sourcepos=\"25:5-26:102\">\n<li data-sourcepos=\"25:5-25:93\">Durante todo el programa, estar\u00e1s bajo la supervisi\u00f3n directa de un instructor de PADI.<\/li>\n<li data-sourcepos=\"26:5-26:102\">Esto garantiza tu seguridad y te brinda la confianza necesaria para disfrutar de la experiencia.<\/li>\n<\/ul>\n<\/li>\n<li data-sourcepos=\"27:1-29:0\"><strong>Duraci\u00f3n:<\/strong>\n<ul data-sourcepos=\"28:5-29:0\">\n<li data-sourcepos=\"28:5-29:0\">El programa DSD suele durar unas pocas horas, lo que lo hace ideal para quienes tienen tiempo limitado.<\/li>\n<\/ul>\n<\/li>\n<\/ul>\n<p data-sourcepos=\"30:1-30:15\"><strong>En resumen:<\/strong><\/p>\n<p data-sourcepos=\"32:1-32:224\">El DSD es una excelente manera de experimentar el buceo por primera vez. Te brinda una introducci\u00f3n segura y divertida al mundo submarino, permiti\u00e9ndote decidir si deseas seguir explorando esta emocionante actividad.<\/p>\n","protected":false},"excerpt":{"rendered":"<p>Un DSD (Discover Scuba Diving)\u00a0 Aqu\u00ed te describo los aspectos clave de esta experiencia: Prop\u00f3sito: El DSD est\u00e1 dise\u00f1ado para darte una probada del buceo, permiti\u00e9ndote decidir si deseas continuar con la certificaci\u00f3n completa de Open Water Diver. Es una experiencia \u00fanica para quienes quieren sentir la sensaci\u00f3n de respirar bajo el agua y explorar [&hellip;]<\/p>\n","protected":false},"featured_media":166,"comment_status":"open","ping_status":"closed","template":"","meta":[],"product_brand":[],"product_cat":[19],"product_tag":[],"class_list":{"0":"post-37","1":"product","2":"type-product","3":"status-publish","4":"has-post-thumbnail","6":"product_cat-cursos-de-buceo","8":"first","9":"instock","10":"taxable","11":"shipping-taxable","12":"purchasable","13":"product-type-simple"},"aioseo_notices":[],"_links":{"self":[{"href":"https:\/\/scubabcn.com\/es\/wp-json\/wp\/v2\/product\/37","targetHints":{"allow":["GET"]}}],"collection":[{"href":"https:\/\/scubabcn.com\/es\/wp-json\/wp\/v2\/product"}],"about":[{"href":"https:\/\/scubabcn.com\/es\/wp-json\/wp\/v2\/types\/product"}],"replies":[{"embeddable":true,"href":"https:\/\/scubabcn.com\/es\/wp-json\/wp\/v2\/comments?post=37"}],"wp:featuredmedia":[{"embeddable":true,"href":"https:\/\/scubabcn.com\/es\/wp-json\/wp\/v2\/media\/166"}],"wp:attachment":[{"href":"https:\/\/scubabcn.com\/es\/wp-json\/wp\/v2\/media?parent=37"}],"wp:term":[{"taxonomy":"product_brand","embeddable":true,"href":"https:\/\/scubabcn.com\/es\/wp-json\/wp\/v2\/product_brand?post=37"},{"taxonomy":"product_cat","embeddable":true,"href":"https:\/\/scubabcn.com\/es\/wp-json\/wp\/v2\/product_cat?post=37"},{"taxonomy":"product_tag","embeddable":true,"href":"https:\/\/scubabcn.com\/es\/wp-json\/wp\/v2\/product_tag?post=37"}],"curies":[{"name":"wp","href":"https:\/\/api.w.org\/{rel}","templated":true}]}}