{"id":41,"date":"2025-02-20T17:22:56","date_gmt":"2025-02-20T17:22:56","guid":{"rendered":"https:\/\/scubabcn.com\/producto\/curso-avanzado-de-buceo\/"},"modified":"2025-04-02T10:21:09","modified_gmt":"2025-04-02T10:21:09","slug":"curso-avanzado-de-buceo","status":"publish","type":"product","link":"https:\/\/scubabcn.com\/es\/producto\/curso-avanzado-de-buceo\/","title":{"rendered":"Advance Open water diver"},"content":{"rendered":"<p data-sourcepos=\"1:1-1:189\">El curso PADI Advanced Open Water Diver est\u00e1 dise\u00f1ado para mejorar tus habilidades de buceo y brindarte experiencia en diversas especialidades. Aqu\u00ed tienes un resumen de los aspectos clave:<\/p>\n<p data-sourcepos=\"3:1-3:23\"><strong>Objetivo principal:<\/strong><\/p>\n<ul data-sourcepos=\"5:1-7:0\">\n<li data-sourcepos=\"5:1-5:118\">El curso se centra en la pr\u00e1ctica, permiti\u00e9ndote ganar confianza y experiencia bajo la supervisi\u00f3n de un instructor.<\/li>\n<li data-sourcepos=\"6:1-7:0\">No es un curso de \u00abense\u00f1anza\u00bb, sino m\u00e1s bien de \u00abexperiencia\u00bb, donde aplicas y perfeccionas tus habilidades.<\/li>\n<\/ul>\n<p data-sourcepos=\"8:1-8:24\"><strong>Contenido del curso:<\/strong><\/p>\n<ul data-sourcepos=\"10:1-23:0\">\n<li data-sourcepos=\"10:1-12:95\"><strong>Inmersiones obligatorias:<\/strong>\n<ul data-sourcepos=\"11:5-12:95\">\n<li data-sourcepos=\"11:5-11:120\">Buceo profundo: Experimentar\u00e1s inmersiones a mayor profundidad, aprendiendo a gestionar los efectos de la presi\u00f3n.<\/li>\n<li data-sourcepos=\"12:5-12:95\">Navegaci\u00f3n subacu\u00e1tica: Mejorar\u00e1s tus habilidades para orientarte y navegar bajo el agua.<\/li>\n<\/ul>\n<\/li>\n<li data-sourcepos=\"13:1-20:34\"><strong>Inmersiones opcionales:<\/strong>\n<ul data-sourcepos=\"14:5-20:34\">\n<li data-sourcepos=\"14:5-20:34\">Eliges tres inmersiones de especialidad de una variedad de opciones, como:\n<ul data-sourcepos=\"15:9-20:34\">\n<li data-sourcepos=\"15:9-15:25\">Buceo nocturno.<\/li>\n<li data-sourcepos=\"16:9-16:26\">Buceo en pecios.<\/li>\n<li data-sourcepos=\"17:9-17:32\">Flotabilidad perfecta.<\/li>\n<li data-sourcepos=\"18:9-18:34\">Identificaci\u00f3n de peces.<\/li>\n<li data-sourcepos=\"19:9-19:31\">Fotograf\u00eda submarina.<\/li>\n<li data-sourcepos=\"20:9-20:34\">B\u00fasqueda y recuperaci\u00f3n.<\/li>\n<\/ul>\n<\/li>\n<\/ul>\n<\/li>\n<li data-sourcepos=\"21:1-23:0\"><strong>Conocimientos te\u00f3ricos:<\/strong>\n<ul data-sourcepos=\"22:5-23:0\">\n<li data-sourcepos=\"22:5-23:0\">Aprender\u00e1s sobre los principios de cada especialidad, incluyendo planificaci\u00f3n, equipo y seguridad.<\/li>\n<\/ul>\n<\/li>\n<\/ul>\n<p data-sourcepos=\"24:1-24:15\"><strong>Beneficios:<\/strong><\/p>\n<ul data-sourcepos=\"26:1-30:0\">\n<li data-sourcepos=\"26:1-26:46\">Aumenta tu confianza y comodidad en el agua.<\/li>\n<li data-sourcepos=\"27:1-27:50\">Ampl\u00eda tus habilidades y conocimientos de buceo.<\/li>\n<li data-sourcepos=\"28:1-28:48\">Te permite explorar diferentes tipos de buceo.<\/li>\n<li data-sourcepos=\"29:1-30:0\">Te prepara para cursos de especialidad adicionales.<\/li>\n<\/ul>\n<p data-sourcepos=\"31:1-31:15\"><strong>Requisitos:<\/strong><\/p>\n<ul data-sourcepos=\"33:1-36:0\">\n<li data-sourcepos=\"33:1-33:63\">Tener la certificaci\u00f3n PADI Open Water Diver (o equivalente).<\/li>\n<li data-sourcepos=\"34:1-34:33\">Tener al menos 12 a\u00f1os de edad.<\/li>\n<li data-sourcepos=\"35:1-36:0\">Estar en buena salud f\u00edsica.<\/li>\n<\/ul>\n<p data-sourcepos=\"37:1-37:200\">En resumen, el curso PADI Advanced Open Water Diver es una excelente manera de llevar tu buceo al siguiente nivel, brind\u00e1ndote la oportunidad de explorar nuevas y emocionantes experiencias submarinas.<\/p>\n","protected":false},"excerpt":{"rendered":"<p>El curso PADI Advanced Open Water Diver est\u00e1 dise\u00f1ado para mejorar tus habilidades de buceo y brindarte experiencia en diversas especialidades. Aqu\u00ed tienes un resumen de los aspectos clave: Objetivo principal: El curso se centra en la pr\u00e1ctica, permiti\u00e9ndote ganar confianza y experiencia bajo la supervisi\u00f3n de un instructor. No es un curso de \u00abense\u00f1anza\u00bb, [&hellip;]<\/p>\n","protected":false},"featured_media":164,"comment_status":"open","ping_status":"closed","template":"","meta":[],"product_brand":[],"product_cat":[19],"product_tag":[],"class_list":{"0":"post-41","1":"product","2":"type-product","3":"status-publish","4":"has-post-thumbnail","6":"product_cat-cursos-de-buceo","8":"first","9":"instock","10":"taxable","11":"shipping-taxable","12":"purchasable","13":"product-type-simple"},"aioseo_notices":[],"_links":{"self":[{"href":"https:\/\/scubabcn.com\/es\/wp-json\/wp\/v2\/product\/41","targetHints":{"allow":["GET"]}}],"collection":[{"href":"https:\/\/scubabcn.com\/es\/wp-json\/wp\/v2\/product"}],"about":[{"href":"https:\/\/scubabcn.com\/es\/wp-json\/wp\/v2\/types\/product"}],"replies":[{"embeddable":true,"href":"https:\/\/scubabcn.com\/es\/wp-json\/wp\/v2\/comments?post=41"}],"wp:featuredmedia":[{"embeddable":true,"href":"https:\/\/scubabcn.com\/es\/wp-json\/wp\/v2\/media\/164"}],"wp:attachment":[{"href":"https:\/\/scubabcn.com\/es\/wp-json\/wp\/v2\/media?parent=41"}],"wp:term":[{"taxonomy":"product_brand","embeddable":true,"href":"https:\/\/scubabcn.com\/es\/wp-json\/wp\/v2\/product_brand?post=41"},{"taxonomy":"product_cat","embeddable":true,"href":"https:\/\/scubabcn.com\/es\/wp-json\/wp\/v2\/product_cat?post=41"},{"taxonomy":"product_tag","embeddable":true,"href":"https:\/\/scubabcn.com\/es\/wp-json\/wp\/v2\/product_tag?post=41"}],"curies":[{"name":"wp","href":"https:\/\/api.w.org\/{rel}","templated":true}]}}