{"id":45,"date":"2025-02-20T17:22:56","date_gmt":"2025-02-20T17:22:56","guid":{"rendered":"https:\/\/scubabcn.com\/producto\/curso-de-buceo-nocturno\/"},"modified":"2025-02-24T12:25:35","modified_gmt":"2025-02-24T12:25:35","slug":"curso-de-buceo-nocturno","status":"publish","type":"product","link":"https:\/\/scubabcn.com\/es\/producto\/curso-de-buceo-nocturno\/","title":{"rendered":"Curso de Buceo Nocturno"},"content":{"rendered":"<p data-sourcepos=\"1:1-1:215\">El curso PADI Night Diver es una especialidad dise\u00f1ada para ense\u00f1arte las t\u00e9cnicas y procedimientos necesarios para bucear de forma segura y placentera durante la noche. Aqu\u00ed te detallo los aspectos m\u00e1s importantes:<\/p>\n<p data-sourcepos=\"3:1-3:13\"><strong>Objetivo:<\/strong><\/p>\n<ul data-sourcepos=\"5:1-7:0\">\n<li data-sourcepos=\"5:1-5:151\">El curso te permite explorar el mundo submarino bajo una perspectiva completamente nueva, descubriendo la vida marina que se activa durante la noche.<\/li>\n<li data-sourcepos=\"6:1-7:0\">Aprender\u00e1s a manejar la iluminaci\u00f3n, la comunicaci\u00f3n y la navegaci\u00f3n en condiciones de baja visibilidad.<\/li>\n<\/ul>\n<p data-sourcepos=\"8:1-8:14\"><strong>Contenido:<\/strong><\/p>\n<ul data-sourcepos=\"10:1-22:0\">\n<li data-sourcepos=\"10:1-11:137\"><strong>Planificaci\u00f3n de inmersiones nocturnas:<\/strong>\n<ul data-sourcepos=\"11:5-11:137\">\n<li data-sourcepos=\"11:5-11:137\">Aprender\u00e1s a planificar y organizar inmersiones nocturnas, considerando factores como la iluminaci\u00f3n, la navegaci\u00f3n y la seguridad.<\/li>\n<\/ul>\n<\/li>\n<li data-sourcepos=\"12:1-13:137\"><strong>T\u00e9cnicas de iluminaci\u00f3n:<\/strong>\n<ul data-sourcepos=\"13:5-13:137\">\n<li data-sourcepos=\"13:5-13:137\">Practicar\u00e1s el uso de linternas de buceo, aprendiendo a comunicarte con tus compa\u00f1eros y a observar la vida marina sin perturbarla.<\/li>\n<\/ul>\n<\/li>\n<li data-sourcepos=\"14:1-15:133\"><strong>Navegaci\u00f3n nocturna:<\/strong>\n<ul data-sourcepos=\"15:5-15:133\">\n<li data-sourcepos=\"15:5-15:133\">Desarrollar\u00e1s habilidades de navegaci\u00f3n utilizando br\u00fajulas y puntos de referencia, incluso en condiciones de baja visibilidad.<\/li>\n<\/ul>\n<\/li>\n<li data-sourcepos=\"16:1-17:128\"><strong>Comunicaci\u00f3n subacu\u00e1tica:<\/strong>\n<ul data-sourcepos=\"17:5-17:128\">\n<li data-sourcepos=\"17:5-17:128\">Aprender\u00e1s a comunicarte con tus compa\u00f1eros utilizando se\u00f1ales de luz y otras t\u00e9cnicas espec\u00edficas para el buceo nocturno.<\/li>\n<\/ul>\n<\/li>\n<li data-sourcepos=\"18:1-19:119\"><strong>Interacci\u00f3n con la vida marina nocturna:<\/strong>\n<ul data-sourcepos=\"19:5-19:119\">\n<li data-sourcepos=\"19:5-19:119\">Descubrir\u00e1s las criaturas marinas que solo salen durante la noche, aprendiendo a observarlas de forma respetuosa.<\/li>\n<\/ul>\n<\/li>\n<li data-sourcepos=\"20:1-22:0\"><strong>Tres inmersiones nocturnas:<\/strong>\n<ul data-sourcepos=\"21:5-22:0\">\n<li data-sourcepos=\"21:5-22:0\">El curso incluye tres inmersiones nocturnas en aguas abiertas, donde aplicar\u00e1s los conocimientos y habilidades adquiridos.<\/li>\n<\/ul>\n<\/li>\n<\/ul>\n<p data-sourcepos=\"23:1-23:15\"><strong>Beneficios:<\/strong><\/p>\n<ul data-sourcepos=\"25:1-29:0\">\n<li data-sourcepos=\"25:1-25:76\">Experimentar\u00e1s la emoci\u00f3n de bucear en un entorno completamente diferente.<\/li>\n<li data-sourcepos=\"26:1-26:72\">Descubrir\u00e1s la vida marina nocturna, que es muy diferente a la diurna.<\/li>\n<li data-sourcepos=\"27:1-27:81\">Mejorar\u00e1s tus habilidades de buceo, especialmente en navegaci\u00f3n y comunicaci\u00f3n.<\/li>\n<li data-sourcepos=\"28:1-29:0\">Aumentar\u00e1s tu confianza y comodidad en el agua.<\/li>\n<\/ul>\n<p data-sourcepos=\"30:1-30:15\"><strong>Requisitos:<\/strong><\/p>\n<ul data-sourcepos=\"32:1-35:0\">\n<li data-sourcepos=\"32:1-32:63\">Tener la certificaci\u00f3n PADI Open Water Diver (o equivalente).<\/li>\n<li data-sourcepos=\"33:1-33:33\">Tener al menos 12 a\u00f1os de edad.<\/li>\n<li data-sourcepos=\"34:1-35:0\">Estar en buena salud f\u00edsica.<\/li>\n<\/ul>\n","protected":false},"excerpt":{"rendered":"<p>El curso PADI Night Diver es una especialidad dise\u00f1ada para ense\u00f1arte las t\u00e9cnicas y procedimientos necesarios para bucear de forma segura y placentera durante la noche. Aqu\u00ed te detallo los aspectos m\u00e1s importantes: Objetivo: El curso te permite explorar el mundo submarino bajo una perspectiva completamente nueva, descubriendo la vida marina que se activa durante [&hellip;]<\/p>\n","protected":false},"featured_media":170,"comment_status":"open","ping_status":"closed","template":"","meta":[],"product_brand":[],"product_cat":[19],"product_tag":[],"class_list":{"0":"post-45","1":"product","2":"type-product","3":"status-publish","4":"has-post-thumbnail","6":"product_cat-cursos-de-buceo","8":"first","9":"instock","10":"taxable","11":"shipping-taxable","12":"purchasable","13":"product-type-simple"},"aioseo_notices":[],"_links":{"self":[{"href":"https:\/\/scubabcn.com\/es\/wp-json\/wp\/v2\/product\/45","targetHints":{"allow":["GET"]}}],"collection":[{"href":"https:\/\/scubabcn.com\/es\/wp-json\/wp\/v2\/product"}],"about":[{"href":"https:\/\/scubabcn.com\/es\/wp-json\/wp\/v2\/types\/product"}],"replies":[{"embeddable":true,"href":"https:\/\/scubabcn.com\/es\/wp-json\/wp\/v2\/comments?post=45"}],"wp:featuredmedia":[{"embeddable":true,"href":"https:\/\/scubabcn.com\/es\/wp-json\/wp\/v2\/media\/170"}],"wp:attachment":[{"href":"https:\/\/scubabcn.com\/es\/wp-json\/wp\/v2\/media?parent=45"}],"wp:term":[{"taxonomy":"product_brand","embeddable":true,"href":"https:\/\/scubabcn.com\/es\/wp-json\/wp\/v2\/product_brand?post=45"},{"taxonomy":"product_cat","embeddable":true,"href":"https:\/\/scubabcn.com\/es\/wp-json\/wp\/v2\/product_cat?post=45"},{"taxonomy":"product_tag","embeddable":true,"href":"https:\/\/scubabcn.com\/es\/wp-json\/wp\/v2\/product_tag?post=45"}],"curies":[{"name":"wp","href":"https:\/\/api.w.org\/{rel}","templated":true}]}}