{"id":47,"date":"2025-02-20T17:22:56","date_gmt":"2025-02-20T17:22:56","guid":{"rendered":"https:\/\/scubabcn.com\/producto\/viaje-de-buceo-al-mar-rojo\/"},"modified":"2025-02-24T12:12:28","modified_gmt":"2025-02-24T12:12:28","slug":"viaje-de-buceo-al-mar-rojo","status":"publish","type":"product","link":"https:\/\/scubabcn.com\/es\/producto\/viaje-de-buceo-al-mar-rojo\/","title":{"rendered":"Viaje de Buceo al Mar Rojo"},"content":{"rendered":"<p data-sourcepos=\"1:1-1:274\">Un viaje de buceo al Mar Rojo es una experiencia inolvidable para cualquier amante del mundo submarino. Este destino ofrece una combinaci\u00f3n \u00fanica de aguas c\u00e1lidas y cristalinas, una biodiversidad marina excepcional y una rica historia que se refleja en sus numerosos pecios.<\/p>\n<p data-sourcepos=\"3:1-3:31\"><strong>Caracter\u00edsticas destacadas:<\/strong><\/p>\n<ul data-sourcepos=\"5:1-17:0\">\n<li data-sourcepos=\"5:1-7:105\"><strong>Biodiversidad:<\/strong>\n<ul data-sourcepos=\"6:5-7:105\">\n<li data-sourcepos=\"6:5-6:128\">El Mar Rojo alberga una incre\u00edble variedad de vida marina, incluyendo m\u00e1s de 1.200 especies de peces y 200 tipos de coral.<\/li>\n<li data-sourcepos=\"7:5-7:105\">Es posible encontrar desde peque\u00f1os peces payaso hasta grandes pel\u00e1gicos como tiburones y delfines.<\/li>\n<\/ul>\n<\/li>\n<li data-sourcepos=\"8:1-9:167\"><strong>Visibilidad:<\/strong>\n<ul data-sourcepos=\"9:5-9:167\">\n<li data-sourcepos=\"9:5-9:167\">Las aguas del Mar Rojo suelen tener una visibilidad excepcional, a menudo superando los 30 metros, lo que permite disfrutar al m\u00e1ximo de los paisajes submarinos.<\/li>\n<\/ul>\n<\/li>\n<li data-sourcepos=\"10:1-12:121\"><strong>Pecios:<\/strong>\n<ul data-sourcepos=\"11:5-12:121\">\n<li data-sourcepos=\"11:5-11:171\">El Mar Rojo es famoso por sus numerosos pecios, algunos de ellos hist\u00f3ricos, como el SS Thistlegorm, un carguero brit\u00e1nico hundido durante la Segunda Guerra Mundial.<\/li>\n<li data-sourcepos=\"12:5-12:121\">Estos pecios ofrecen inmersiones emocionantes y la oportunidad de explorar restos de naufragios cubiertos de coral.<\/li>\n<\/ul>\n<\/li>\n<li data-sourcepos=\"13:1-14:139\"><strong>Clima:<\/strong>\n<ul data-sourcepos=\"14:5-14:139\">\n<li data-sourcepos=\"14:5-14:139\">El clima c\u00e1lido y seco del Mar Rojo permite bucear durante todo el a\u00f1o, aunque las mejores \u00e9pocas suelen ser la primavera y el oto\u00f1o.<\/li>\n<\/ul>\n<\/li>\n<li data-sourcepos=\"15:1-17:0\"><strong>Tipos de viaje:<\/strong>\n<ul data-sourcepos=\"16:5-17:0\">\n<li data-sourcepos=\"16:5-17:0\">Existen diferentes tipos de viajes de buceo al Mar Rojo, desde estancias en resorts costeros con inmersiones diarias hasta safaris de vida a bordo que permiten explorar los mejores puntos de buceo en alta mar.<\/li>\n<\/ul>\n<\/li>\n<\/ul>\n<p data-sourcepos=\"18:1-18:23\"><strong>Destinos populares:<\/strong><\/p>\n<ul data-sourcepos=\"20:1-28:0\">\n<li data-sourcepos=\"20:1-21:111\"><strong>Sharm el-Sheikh:<\/strong>\n<ul data-sourcepos=\"21:5-21:111\">\n<li data-sourcepos=\"21:5-21:111\">Un destino tur\u00edstico popular con numerosos centros de buceo y una amplia variedad de puntos de inmersi\u00f3n.<\/li>\n<\/ul>\n<\/li>\n<li data-sourcepos=\"22:1-23:87\"><strong>Hurghada:<\/strong>\n<ul data-sourcepos=\"23:5-23:87\">\n<li data-sourcepos=\"23:5-23:87\">Otro destino tur\u00edstico importante con f\u00e1cil acceso a pecios y arrecifes de coral.<\/li>\n<\/ul>\n<\/li>\n<li data-sourcepos=\"24:1-25:118\"><strong>Marsa Alam:<\/strong>\n<ul data-sourcepos=\"25:5-25:118\">\n<li data-sourcepos=\"25:5-25:118\">Un destino m\u00e1s tranquilo y menos concurrido, ideal para buceadores que buscan inmersiones en entornos naturales.<\/li>\n<\/ul>\n<\/li>\n<li data-sourcepos=\"26:1-28:0\"><strong>Dahab:<\/strong>\n<ul data-sourcepos=\"27:5-28:0\">\n<li data-sourcepos=\"27:5-28:0\">Famoso por el \u00abBlue Hole\u00bb, un agujero azul de gran profundidad, que es un reto para buceadores t\u00e9cnicos.<\/li>\n<\/ul>\n<\/li>\n<\/ul>\n","protected":false},"excerpt":{"rendered":"<p>Un viaje de buceo al Mar Rojo es una experiencia inolvidable para cualquier amante del mundo submarino. Este destino ofrece una combinaci\u00f3n \u00fanica de aguas c\u00e1lidas y cristalinas, una biodiversidad marina excepcional y una rica historia que se refleja en sus numerosos pecios. Caracter\u00edsticas destacadas: Biodiversidad: El Mar Rojo alberga una incre\u00edble variedad de vida [&hellip;]<\/p>\n","protected":false},"featured_media":168,"comment_status":"open","ping_status":"closed","template":"","meta":[],"product_brand":[],"product_cat":[21],"product_tag":[],"class_list":{"0":"post-47","1":"product","2":"type-product","3":"status-publish","4":"has-post-thumbnail","6":"product_cat-viajes-de-buceo","8":"first","9":"instock","10":"taxable","11":"shipping-taxable","12":"purchasable","13":"product-type-simple"},"aioseo_notices":[],"_links":{"self":[{"href":"https:\/\/scubabcn.com\/es\/wp-json\/wp\/v2\/product\/47","targetHints":{"allow":["GET"]}}],"collection":[{"href":"https:\/\/scubabcn.com\/es\/wp-json\/wp\/v2\/product"}],"about":[{"href":"https:\/\/scubabcn.com\/es\/wp-json\/wp\/v2\/types\/product"}],"replies":[{"embeddable":true,"href":"https:\/\/scubabcn.com\/es\/wp-json\/wp\/v2\/comments?post=47"}],"wp:featuredmedia":[{"embeddable":true,"href":"https:\/\/scubabcn.com\/es\/wp-json\/wp\/v2\/media\/168"}],"wp:attachment":[{"href":"https:\/\/scubabcn.com\/es\/wp-json\/wp\/v2\/media?parent=47"}],"wp:term":[{"taxonomy":"product_brand","embeddable":true,"href":"https:\/\/scubabcn.com\/es\/wp-json\/wp\/v2\/product_brand?post=47"},{"taxonomy":"product_cat","embeddable":true,"href":"https:\/\/scubabcn.com\/es\/wp-json\/wp\/v2\/product_cat?post=47"},{"taxonomy":"product_tag","embeddable":true,"href":"https:\/\/scubabcn.com\/es\/wp-json\/wp\/v2\/product_tag?post=47"}],"curies":[{"name":"wp","href":"https:\/\/api.w.org\/{rel}","templated":true}]}}