{"id":51,"date":"2025-02-20T17:22:56","date_gmt":"2025-02-20T17:22:56","guid":{"rendered":"https:\/\/scubabcn.com\/producto\/viaje-de-buceo-a-cozumel\/"},"modified":"2025-02-21T23:20:21","modified_gmt":"2025-02-21T23:20:21","slug":"viaje-de-buceo-a-cozumel","status":"publish","type":"product","link":"https:\/\/scubabcn.com\/es\/producto\/viaje-de-buceo-a-cozumel\/","title":{"rendered":"Viaje de Buceo a Cozumel"},"content":{"rendered":"<p>Cozumel es una isla mexicana en el mar Caribe, frente a la costa de la Pen\u00ednsula de Yucat\u00e1n. Es un destino tur\u00edstico popular por sus playas de arena blanca, sus aguas cristalinas y sus arrecifes de coral, que la convierten en un para\u00edso para el buceo y el snorkel. Adem\u00e1s, Cozumel cuenta con una rica historia y cultura, con sitios arqueol\u00f3gicos mayas y una vibrante vida nocturna.<\/p>\n","protected":false},"excerpt":{"rendered":"<p>Cozumel es una isla mexicana en el mar Caribe, frente a la costa de la Pen\u00ednsula de Yucat\u00e1n. Es un destino tur\u00edstico popular por sus playas de arena blanca, sus aguas cristalinas y sus arrecifes de coral, que la convierten en un para\u00edso para el buceo y el snorkel. Adem\u00e1s, Cozumel cuenta con una rica [&hellip;]<\/p>\n","protected":false},"featured_media":154,"comment_status":"open","ping_status":"closed","template":"","meta":[],"product_brand":[],"product_cat":[21],"product_tag":[],"class_list":{"0":"post-51","1":"product","2":"type-product","3":"status-publish","4":"has-post-thumbnail","6":"product_cat-viajes-de-buceo","8":"first","9":"instock","10":"taxable","11":"shipping-taxable","12":"purchasable","13":"product-type-simple"},"aioseo_notices":[],"_links":{"self":[{"href":"https:\/\/scubabcn.com\/es\/wp-json\/wp\/v2\/product\/51","targetHints":{"allow":["GET"]}}],"collection":[{"href":"https:\/\/scubabcn.com\/es\/wp-json\/wp\/v2\/product"}],"about":[{"href":"https:\/\/scubabcn.com\/es\/wp-json\/wp\/v2\/types\/product"}],"replies":[{"embeddable":true,"href":"https:\/\/scubabcn.com\/es\/wp-json\/wp\/v2\/comments?post=51"}],"wp:featuredmedia":[{"embeddable":true,"href":"https:\/\/scubabcn.com\/es\/wp-json\/wp\/v2\/media\/154"}],"wp:attachment":[{"href":"https:\/\/scubabcn.com\/es\/wp-json\/wp\/v2\/media?parent=51"}],"wp:term":[{"taxonomy":"product_brand","embeddable":true,"href":"https:\/\/scubabcn.com\/es\/wp-json\/wp\/v2\/product_brand?post=51"},{"taxonomy":"product_cat","embeddable":true,"href":"https:\/\/scubabcn.com\/es\/wp-json\/wp\/v2\/product_cat?post=51"},{"taxonomy":"product_tag","embeddable":true,"href":"https:\/\/scubabcn.com\/es\/wp-json\/wp\/v2\/product_tag?post=51"}],"curies":[{"name":"wp","href":"https:\/\/api.w.org\/{rel}","templated":true}]}}