{"id":53,"date":"2025-02-20T17:22:56","date_gmt":"2025-02-20T17:22:56","guid":{"rendered":"https:\/\/scubabcn.com\/producto\/curso-de-fotografia-submarina\/"},"modified":"2025-08-03T18:13:37","modified_gmt":"2025-08-03T18:13:37","slug":"curso-de-fotografia-submarina","status":"publish","type":"product","link":"https:\/\/scubabcn.com\/es\/producto\/curso-de-fotografia-submarina\/","title":{"rendered":"Curso de Fotograf\u00eda Submarina"},"content":{"rendered":"<p>Aprende a capturar impresionantes im\u00e1genes del mundo submarino con este curso especializado en fotograf\u00eda bajo el agua.<\/p>\n","protected":false},"excerpt":{"rendered":"<p>Aprende a capturar impresionantes im\u00e1genes del mundo submarino con este curso especializado en fotograf\u00eda bajo el agua.<\/p>\n","protected":false},"featured_media":152,"comment_status":"open","ping_status":"closed","template":"","meta":[],"product_brand":[],"product_cat":[19],"product_tag":[],"class_list":{"0":"post-53","1":"product","2":"type-product","3":"status-publish","4":"has-post-thumbnail","6":"product_cat-cursos-de-buceo","8":"first","9":"instock","10":"taxable","11":"shipping-taxable","12":"purchasable","13":"product-type-simple"},"aioseo_notices":[],"_links":{"self":[{"href":"https:\/\/scubabcn.com\/es\/wp-json\/wp\/v2\/product\/53","targetHints":{"allow":["GET"]}}],"collection":[{"href":"https:\/\/scubabcn.com\/es\/wp-json\/wp\/v2\/product"}],"about":[{"href":"https:\/\/scubabcn.com\/es\/wp-json\/wp\/v2\/types\/product"}],"replies":[{"embeddable":true,"href":"https:\/\/scubabcn.com\/es\/wp-json\/wp\/v2\/comments?post=53"}],"wp:featuredmedia":[{"embeddable":true,"href":"https:\/\/scubabcn.com\/es\/wp-json\/wp\/v2\/media\/152"}],"wp:attachment":[{"href":"https:\/\/scubabcn.com\/es\/wp-json\/wp\/v2\/media?parent=53"}],"wp:term":[{"taxonomy":"product_brand","embeddable":true,"href":"https:\/\/scubabcn.com\/es\/wp-json\/wp\/v2\/product_brand?post=53"},{"taxonomy":"product_cat","embeddable":true,"href":"https:\/\/scubabcn.com\/es\/wp-json\/wp\/v2\/product_cat?post=53"},{"taxonomy":"product_tag","embeddable":true,"href":"https:\/\/scubabcn.com\/es\/wp-json\/wp\/v2\/product_tag?post=53"}],"curies":[{"name":"wp","href":"https:\/\/api.w.org\/{rel}","templated":true}]}}